{"id":592,"date":"2014-03-18T09:49:29","date_gmt":"2014-03-18T09:49:29","guid":{"rendered":"http:\/\/the7.dream-demo.com\/business\/?page_id=2"},"modified":"2025-10-07T16:27:50","modified_gmt":"2025-10-07T16:27:50","slug":"inicio","status":"publish","type":"page","link":"https:\/\/modougr.es\/","title":{"rendered":"Inicio"},"content":{"rendered":"<p>[vc_row][vc_column][vc_empty_space][vc_column_text css=\u00bb.vc_custom_1631196586725{margin-top: 1px !important;}\u00bb]El grupo de investigaci\u00f3n en Modelos de Decisi\u00f3n y Optimizaci\u00f3n (MODO) se constituy\u00f3 en el a\u00f1o 2000 al amparo del II Plan Andaluz de Investigaci\u00f3n (PAI) de la Junta de Andaluc\u00eda.<\/p>\n<p>Sus miembros mantienen una importante actividad cient\u00edfica de car\u00e1cter internacional desde hace m\u00e1s de 25 a\u00f1os en la interfaz de la Inteligencia Computacional y los Modelos de Decisi\u00f3n y Optimizaci\u00f3n, que se desarrolla gracias al mantenimiento de colaboraciones s\u00f3lidas y estables con importantes cient\u00edficos en el \u00e1mbito de la Inteligencia Artificial.<\/p>\n<p>Esta actividad cient\u00edfica se ha traducido en los \u00faltimos 10 a\u00f1os en:<\/p>\n<ul>\n<li>Direcci\u00f3n y\/o participaci\u00f3n en 12 Proyectos (I+D+I, Transferencia)<\/li>\n<li>Publicaci\u00f3n de 80 art\u00edculos en revistas indexadas en el JCR<\/li>\n<li>Edici\u00f3n de 10 libros con editoriales de prestigio.<\/li>\n<li>Direcci\u00f3n de 12 tesis doctorales<\/li>\n<li>Coordinaci\u00f3n de Formaci\u00f3n de Posgrado<\/li>\n<li>Participaci\u00f3n continuada en Comit\u00e9s Editoriales, Comit\u00e9s de Programa de Congresos Nacionales e Internacionales.<\/li>\n<li>Organizaci\u00f3n de Congresos<\/li>\n<\/ul>\n<p>[\/vc_column_text][vc_empty_space][vc_row_inner][vc_column_inner width=\u00bb1\/2&#8243;]<style type=\"text\/css\" data-type=\"the7_shortcodes-inline-css\">.shortcode-single-image-wrap.shortcode-single-image-2455f4eedf78e4459ccf7f02f4fe43df.enable-bg-rollover .rollover i,\n.shortcode-single-image-wrap.shortcode-single-image-2455f4eedf78e4459ccf7f02f4fe43df.enable-bg-rollover .rollover-video i {\n  background: -webkit-linear-gradient();\n  background: linear-gradient();\n}\n.shortcode-single-image-wrap.shortcode-single-image-2455f4eedf78e4459ccf7f02f4fe43df .rollover-icon {\n  font-size: 32px;\n  color: #ffffff;\n  min-width: 44px;\n  min-height: 44px;\n  line-height: 44px;\n  border-radius: 100px;\n  border-style: solid;\n  border-width: 0px;\n}\n.dt-icon-bg-on.shortcode-single-image-wrap.shortcode-single-image-2455f4eedf78e4459ccf7f02f4fe43df .rollover-icon {\n  background: rgba(255,255,255,0.3);\n  box-shadow: none;\n}\n<\/style><div class=\"shortcode-single-image-wrap shortcode-single-image-2455f4eedf78e4459ccf7f02f4fe43df alignnone  enable-bg-rollover dt-icon-bg-off\" style=\"margin-top:0px; margin-bottom:0px; margin-left:0px; margin-right:0px; width:100px;\"><div class=\"shortcode-single-image\"><div class=\"fancy-media-wrap  layzr-bg\" style=\"\"><img loading=\"lazy\" decoding=\"async\" class=\"preload-me lazy-load\" src=\"data:image\/svg+xml,%3Csvg%20xmlns%3D&#39;http%3A%2F%2Fwww.w3.org%2F2000%2Fsvg&#39;%20viewBox%3D&#39;0%200%20100%20100&#39;%2F%3E\" data-src=\"https:\/\/modougr.es\/wp-content\/uploads\/2021\/11\/Vision-100x100.png\" data-srcset=\"https:\/\/modougr.es\/wp-content\/uploads\/2021\/11\/Vision-100x100.png 100w, https:\/\/modougr.es\/wp-content\/uploads\/2021\/11\/Vision-200x200.png 200w\" width=\"100\" height=\"100\"  data-dt-location=\"https:\/\/modougr.es\/index.php\/inicio\/vision\/\" style=\"\" alt=\"\" \/><\/div><\/div><\/div>[vc_custom_heading text=\u00bbVisi\u00f3n\u00bb font_container=\u00bbtag:h2|text_align:center\u00bb google_fonts=\u00bbfont_family:Roboto%3A100%2C100italic%2C300%2C300italic%2Cregular%2Citalic%2C500%2C500italic%2C700%2C700italic%2C900%2C900italic|font_style:500%20bold%20regular%3A500%3Anormal\u00bb][vc_column_text]Contribuir a la mejora de la Sociedad a trav\u00e9s del estudio, la investigaci\u00f3n y el desarrollo de la Inteligencia Artificial[\/vc_column_text][\/vc_column_inner][vc_column_inner width=\u00bb1\/2&#8243;]<style type=\"text\/css\" data-type=\"the7_shortcodes-inline-css\">.shortcode-single-image-wrap.shortcode-single-image-7e06eb4d4e5a12843efb06baadfe2132.enable-bg-rollover .rollover i,\n.shortcode-single-image-wrap.shortcode-single-image-7e06eb4d4e5a12843efb06baadfe2132.enable-bg-rollover .rollover-video i {\n  background: -webkit-linear-gradient();\n  background: linear-gradient();\n}\n.shortcode-single-image-wrap.shortcode-single-image-7e06eb4d4e5a12843efb06baadfe2132 .rollover-icon {\n  font-size: 32px;\n  color: #ffffff;\n  min-width: 44px;\n  min-height: 44px;\n  line-height: 44px;\n  border-radius: 100px;\n  border-style: solid;\n  border-width: 0px;\n}\n.dt-icon-bg-on.shortcode-single-image-wrap.shortcode-single-image-7e06eb4d4e5a12843efb06baadfe2132 .rollover-icon {\n  background: rgba(255,255,255,0.3);\n  box-shadow: none;\n}\n<\/style><div class=\"shortcode-single-image-wrap shortcode-single-image-7e06eb4d4e5a12843efb06baadfe2132 alignnone  enable-bg-rollover dt-icon-bg-off\" style=\"margin-top:0px; margin-bottom:0px; margin-left:0px; margin-right:0px; width:100px;\"><div class=\"shortcode-single-image\"><div class=\"fancy-media-wrap  layzr-bg\" style=\"\"><img loading=\"lazy\" decoding=\"async\" class=\"preload-me lazy-load\" src=\"data:image\/svg+xml,%3Csvg%20xmlns%3D&#39;http%3A%2F%2Fwww.w3.org%2F2000%2Fsvg&#39;%20viewBox%3D&#39;0%200%20100%20100&#39;%2F%3E\" data-src=\"https:\/\/modougr.es\/wp-content\/uploads\/2021\/11\/mision-100x100.png\" data-srcset=\"https:\/\/modougr.es\/wp-content\/uploads\/2021\/11\/mision-100x100.png 100w, https:\/\/modougr.es\/wp-content\/uploads\/2021\/11\/mision-200x200.png 200w\" width=\"100\" height=\"100\"  data-dt-location=\"https:\/\/modougr.es\/index.php\/inicio\/mision\/\" style=\"\" alt=\"\" \/><\/div><\/div><\/div>[vc_custom_heading text=\u00bbMisi\u00f3n\u00bb font_container=\u00bbtag:h2|text_align:center\u00bb google_fonts=\u00bbfont_family:Roboto%3A100%2C100italic%2C300%2C300italic%2Cregular%2Citalic%2C500%2C500italic%2C700%2C700italic%2C900%2C900italic|font_style:500%20bold%20regular%3A500%3Anormal\u00bb][vc_column_text]Ser reconocido como un equipo de investigaci\u00f3n de referencia internacional en el \u00e1mbito de la Inteligencia Artificial, que se caracteriza por realizar una relevante investigaci\u00f3n cient\u00edfica de gran impacto socioecon\u00f3mico y con una alta capacidad de formaci\u00f3n y atracci\u00f3n de talento.[\/vc_column_text][\/vc_column_inner][\/vc_row_inner][\/vc_column][\/vc_row][vc_row type=\u00bbvc_default\u00bb margin_top=\u00bb10&#8243; css=\u00bb.vc_custom_1490263911117{padding-top: 70px !important;padding-bottom: 20px !important;}\u00bb][vc_column width=\u00bb1\/2&#8243; offset=\u00bbvc_col-lg-3 vc_col-md-3 vc_col-xs-12&#8243; css=\u00bb.vc_custom_1490264848263{padding-bottom: 50px !important;}\u00bb]<div id=\"ultimate-heading-615769deba7484cce\" class=\"uvc-heading ult-adjust-bottom-margin ultimate-heading-615769deba7484cce uvc-7582 accent-border-color\" data-hspacer=\"line_only\"  data-halign=\"center\" style=\"text-align:center\"><div class=\"uvc-main-heading ult-responsive\"  data-ultimate-target='.uvc-heading.ultimate-heading-615769deba7484cce h2'  data-responsive-json-new='{\"font-size\":\"desktop:22px;\",\"line-height\":\"desktop:32px;\"}' ><h2 style=\"--font-weight:theme;margin-bottom:12px;\">Toma de decisiones unipersonales y en grupo<\/h2><\/div><div class=\"uvc-heading-spacer line_only\" style=\"margin-bottom:15px;height:3px;\"><span class=\"uvc-headings-line\" style=\"border-style:solid;border-bottom-width:3px;border-color:#ccc;width:40px;\"><\/span><\/div><\/div>[\/vc_column][vc_column width=\u00bb1\/2&#8243; offset=\u00bbvc_col-lg-3 vc_col-md-3 vc_col-xs-12&#8243; css=\u00bb.vc_custom_1490263831293{padding-bottom: 50px !important;}\u00bb]<div id=\"ultimate-heading-312669deba7484d0a\" class=\"uvc-heading ult-adjust-bottom-margin ultimate-heading-312669deba7484d0a uvc-1531 accent-border-color\" data-hspacer=\"line_only\"  data-halign=\"center\" style=\"text-align:center\"><div class=\"uvc-main-heading ult-responsive\"  data-ultimate-target='.uvc-heading.ultimate-heading-312669deba7484d0a h2'  data-responsive-json-new='{\"font-size\":\"desktop:22px;\",\"line-height\":\"desktop:32px;\"}' ><h2 style=\"--font-weight:theme;margin-bottom:12px;\">Optimizaci\u00f3n de recursos<\/h2><\/div><div class=\"uvc-heading-spacer line_only\" style=\"margin-bottom:15px;height:3px;\"><span class=\"uvc-headings-line\" style=\"border-style:solid;border-bottom-width:3px;border-color:#ccc;width:40px;\"><\/span><\/div><\/div>[\/vc_column][vc_column width=\u00bb1\/2&#8243; offset=\u00bbvc_col-lg-3 vc_col-md-3 vc_col-xs-12&#8243; css=\u00bb.vc_custom_1490263840144{padding-bottom: 50px !important;}\u00bb]<div id=\"ultimate-heading-211669deba7484d35\" class=\"uvc-heading ult-adjust-bottom-margin ultimate-heading-211669deba7484d35 uvc-4986 accent-border-color\" data-hspacer=\"line_only\"  data-halign=\"center\" style=\"text-align:center\"><div class=\"uvc-main-heading ult-responsive\"  data-ultimate-target='.uvc-heading.ultimate-heading-211669deba7484d35 h2'  data-responsive-json-new='{\"font-size\":\"desktop:22px;\",\"line-height\":\"desktop:32px;\"}' ><h2 style=\"--font-weight:theme;margin-bottom:12px;\">Log\u00edstica y planificaci\u00f3n<\/h2><\/div><div class=\"uvc-heading-spacer line_only\" style=\"margin-bottom:15px;height:3px;\"><span class=\"uvc-headings-line\" style=\"border-style:solid;border-bottom-width:3px;border-color:#ccc;width:40px;\"><\/span><\/div><\/div>[\/vc_column][vc_column width=\u00bb1\/2&#8243; offset=\u00bbvc_col-lg-3 vc_col-md-3&#8243; css=\u00bb.vc_custom_1490263827527{padding-bottom: 50px !important;}\u00bb]<div id=\"ultimate-heading-139169deba7484d5b\" class=\"uvc-heading ult-adjust-bottom-margin ultimate-heading-139169deba7484d5b uvc-4646 accent-border-color\" data-hspacer=\"line_only\"  data-halign=\"center\" style=\"text-align:center\"><div class=\"uvc-main-heading ult-responsive\"  data-ultimate-target='.uvc-heading.ultimate-heading-139169deba7484d5b h2'  data-responsive-json-new='{\"font-size\":\"desktop:22px;\",\"line-height\":\"desktop:32px;\"}' ><h2 style=\"--font-weight:theme;margin-bottom:12px;\">Sistemas Automatizados de Decisi\u00f3n<\/h2><\/div><div class=\"uvc-heading-spacer line_only\" style=\"margin-bottom:15px;height:3px;\"><span class=\"uvc-headings-line\" style=\"border-style:solid;border-bottom-width:3px;border-color:#ccc;width:40px;\"><\/span><\/div><\/div>[\/vc_column][\/vc_row]<\/p>\n","protected":false},"excerpt":{"rendered":"<p>[vc_row][vc_column][vc_empty_space][vc_column_text css=\u00bb.vc_custom_1631196586725{margin-top: 1px !important;}\u00bb]El grupo de investigaci\u00f3n en Modelos de Decisi\u00f3n y Optimizaci\u00f3n (MODO) se constituy\u00f3 en el a\u00f1o 2000 al amparo del II Plan Andaluz de Investigaci\u00f3n (PAI) de la Junta de Andaluc\u00eda. Sus miembros mantienen una importante actividad cient\u00edfica de car\u00e1cter internacional desde hace m\u00e1s de 25 a\u00f1os en la interfaz de la&hellip;<\/p>\n","protected":false},"author":1,"featured_media":0,"parent":0,"menu_order":0,"comment_status":"closed","ping_status":"closed","template":"","meta":[],"class_list":["post-592","page","type-page","status-publish","hentry","description-off"],"_links":{"self":[{"href":"https:\/\/modougr.es\/index.php\/wp-json\/wp\/v2\/pages\/592","targetHints":{"allow":["GET"]}}],"collection":[{"href":"https:\/\/modougr.es\/index.php\/wp-json\/wp\/v2\/pages"}],"about":[{"href":"https:\/\/modougr.es\/index.php\/wp-json\/wp\/v2\/types\/page"}],"author":[{"embeddable":true,"href":"https:\/\/modougr.es\/index.php\/wp-json\/wp\/v2\/users\/1"}],"replies":[{"embeddable":true,"href":"https:\/\/modougr.es\/index.php\/wp-json\/wp\/v2\/comments?post=592"}],"version-history":[{"count":30,"href":"https:\/\/modougr.es\/index.php\/wp-json\/wp\/v2\/pages\/592\/revisions"}],"predecessor-version":[{"id":2177,"href":"https:\/\/modougr.es\/index.php\/wp-json\/wp\/v2\/pages\/592\/revisions\/2177"}],"wp:attachment":[{"href":"https:\/\/modougr.es\/index.php\/wp-json\/wp\/v2\/media?parent=592"}],"curies":[{"name":"wp","href":"https:\/\/api.w.org\/{rel}","templated":true}]}}