{"id":3519,"date":"2026-03-16T19:47:17","date_gmt":"2026-03-16T19:47:17","guid":{"rendered":"https:\/\/modougr.es\/?page_id=3519"},"modified":"2026-03-18T11:12:38","modified_gmt":"2026-03-18T11:12:38","slug":"inteligencia-artificial-en-360-5a-edicion","status":"publish","type":"page","link":"https:\/\/modougr.es\/index.php\/inteligencia-artificial-en-360-5a-edicion\/","title":{"rendered":"Inteligencia Artificial en 360 (5\u00aa edici\u00f3n)"},"content":{"rendered":"[vc_row content_placement=\u00bbtop\u00bb parallax_content=\u00bbparallax_content_value\u00bb css=\u00bb.vc_custom_1712660038225{padding-top: 10px !important;padding-bottom: 10px !important;border-radius: 5px !important;}\u00bb][vc_column width=\u00bb3\/4&#8243;]<style type=\"text\/css\" data-type=\"the7_shortcodes-inline-css\">.shortcode-single-image-wrap.shortcode-single-image-d65bb5b84600da5e4765ce096435ec88.enable-bg-rollover .rollover i,\n.shortcode-single-image-wrap.shortcode-single-image-d65bb5b84600da5e4765ce096435ec88.enable-bg-rollover .rollover-video i {\n  background: -webkit-linear-gradient();\n  background: linear-gradient();\n}\n.shortcode-single-image-wrap.shortcode-single-image-d65bb5b84600da5e4765ce096435ec88 .rollover-icon {\n  font-size: 32px;\n  color: #ffffff;\n  min-width: 44px;\n  min-height: 44px;\n  line-height: 44px;\n  border-radius: 100px;\n  border-style: solid;\n  border-width: 0px;\n}\n.dt-icon-bg-on.shortcode-single-image-wrap.shortcode-single-image-d65bb5b84600da5e4765ce096435ec88 .rollover-icon {\n  background: rgba(255,255,255,0.3);\n  box-shadow: none;\n}\n<\/style><div class=\"shortcode-single-image-wrap shortcode-single-image-d65bb5b84600da5e4765ce096435ec88 alignnone  enable-bg-rollover dt-icon-bg-off\" style=\"margin-top:0px; margin-bottom:0px; margin-left:0px; margin-right:0px; width:400px;\"><div class=\"shortcode-single-image\"><div class=\"fancy-media-wrap  layzr-bg\" style=\"\"><img loading=\"lazy\" decoding=\"async\" class=\"preload-me lazy-load\" src=\"data:image\/svg+xml,%3Csvg%20xmlns%3D&#39;http%3A%2F%2Fwww.w3.org%2F2000%2Fsvg&#39;%20viewBox%3D&#39;0%200%20400%20397&#39;%2F%3E\" data-src=\"https:\/\/modougr.es\/wp-content\/uploads\/2024\/04\/IA360-400x397.png\" data-srcset=\"https:\/\/modougr.es\/wp-content\/uploads\/2024\/04\/IA360-400x397.png 400w, https:\/\/modougr.es\/wp-content\/uploads\/2024\/04\/IA360.png 521w\" width=\"400\" height=\"397\"  data-dt-location=\"https:\/\/modougr.es\/index.php\/inteligencia-artificial-en-360o-3a-edicion\/ia360\/\" style=\"\" alt=\"\" \/><\/div><\/div><\/div>[\/vc_column][vc_column width=\u00bb1\/4&#8243; css=\u00bb.vc_custom_1712659978344{padding-top: 10px !important;padding-bottom: 10px !important;border-radius: 5px !important;}\u00bb]<style type=\"text\/css\" data-type=\"the7_shortcodes-inline-css\">.shortcode-single-image-wrap.shortcode-single-image-5641e008dbebca871cd4b9450f5a4a10.enable-bg-rollover .rollover i,\n.shortcode-single-image-wrap.shortcode-single-image-5641e008dbebca871cd4b9450f5a4a10.enable-bg-rollover .rollover-video i {\n  background: -webkit-linear-gradient();\n  background: linear-gradient();\n}\n.shortcode-single-image-wrap.shortcode-single-image-5641e008dbebca871cd4b9450f5a4a10 .rollover-icon {\n  font-size: 32px;\n  color: #ffffff;\n  min-width: 44px;\n  min-height: 44px;\n  line-height: 44px;\n  border-radius: 100px;\n  border-style: solid;\n  border-width: 0px;\n}\n.dt-icon-bg-on.shortcode-single-image-wrap.shortcode-single-image-5641e008dbebca871cd4b9450f5a4a10 .rollover-icon {\n  background: rgba(255,255,255,0.3);\n  box-shadow: none;\n}\n<\/style><div class=\"shortcode-single-image-wrap shortcode-single-image-5641e008dbebca871cd4b9450f5a4a10 alignnone bounce animate-element  enable-bg-rollover dt-icon-bg-off scale-img\" style=\"margin-top:0px; margin-bottom:0px; margin-left:0px; margin-right:0px; width:50px;\"><div class=\"shortcode-single-image\"><div class=\"fancy-media-wrap\" style=\"\"><a href=\"https:\/\/meet.google.com\/kmb-dwjs-xtd\" class=\" layzr-bg rollover\" style=\"\" target=\"_blank\" rel=\"noopener\" aria-label=\"Image\"><img loading=\"lazy\" decoding=\"async\" class=\"preload-me lazy-load\" src=\"data:image\/svg+xml,%3Csvg%20xmlns%3D&#39;http%3A%2F%2Fwww.w3.org%2F2000%2Fsvg&#39;%20viewBox%3D&#39;0%200%2050%2050&#39;%2F%3E\" data-src=\"https:\/\/modougr.es\/wp-content\/uploads\/2024\/04\/Meet-1-50x50.png\" data-srcset=\"https:\/\/modougr.es\/wp-content\/uploads\/2024\/04\/Meet-1-50x50.png 50w, https:\/\/modougr.es\/wp-content\/uploads\/2024\/04\/Meet-1-100x100.png 100w\" width=\"50\" height=\"50\"  data-dt-location=\"https:\/\/modougr.es\/index.php\/inteligencia-artificial-en-360o-3a-edicion\/meet-2\/\" alt=\"\" \/><\/a><\/div><\/div><\/div>[vc_column_text]\r\n<p style=\"text-align: center;\"><span style=\"color: #800000;\"><strong>Acceso\u00a0<\/strong><\/span><span style=\"color: #800000;\"><strong>Aula Virtual<\/strong><\/span><\/p>\r\n[\/vc_column_text][\/vc_column][\/vc_row][vc_row][vc_column][vc_column_text css=\u00bb.vc_custom_1773690346467{padding-top: 30px !important;padding-bottom: 30px !important;}\u00bb]\r\n<h4>Esta actividad formativa, organizada por la Escuela Internacional de Posgrado de la Universidad de Granada , tiene como objetivo principal clarificar las cuestiones b\u00e1sicas asociadas con la Inteligencia Artificial, desterrar algunos de los mitos m\u00e1s usuales y proveer una explicaci\u00f3n clara y sencilla de las principales t\u00e9cnicas que permiten la construcci\u00f3n de sistemas basados en Inteligencia Artificial.<\/h4>\r\n<h5><strong>Organizadores: Dr. David A. Pelta, Dr. Carlos Cruz, Dr. Jos\u00e9 L. Verdegay<\/strong>\r\nGrupo de investigaci\u00f3n en en Modelos de Decisi\u00f3n y Optimizaci\u00f3n\r\nDepartamento de Ciencias de la Computaci\u00f3n e Inteligencia Artificial (UGR)<\/h5>\r\n<h5><strong>Coordinaci\u00f3n t\u00e9cnica: Prof. Marcelino Cabrera<\/strong>\r\nGrupo de investigaci\u00f3n en Modelos de Decisi\u00f3n y Optimizaci\u00f3n\r\nDepartamento de Lenguajes y Sistemas Inform\u00e1ticos (UGR).<\/h5>\r\n<h5><strong>Lugar:<\/strong> Aula 0.8, E.T.S de Ingenier\u00edas Inform\u00e1tica y de Telecomunicaci\u00f3n\r\n<strong>Sesiones:<\/strong> 14, 16, 21, 23, 28 y 29 de abril de 2026 de 16:00 a 20:00 horas<\/h5>\r\n<h5><strong>Plazo de Solicitud del 11 al 18 de marzo de 2026<\/strong><\/h5>\r\n<a href=\"https:\/\/escuelaposgrado.ugr.es\/doctorado\/escuelas\/edcti\/pages\/actividades_formativas#__doku_inteligencia_artificial_en_360\">M\u00e1s informaci\u00f3n<\/a>[\/vc_column_text][\/vc_column][\/vc_row][vc_row][vc_column css=\u00bb.vc_custom_1714826926645{padding-bottom: 10px !important;}\u00bb][vc_btn title=\u00bbPULSA AQU\u00cd PARA INSCRIBIRTE\u00bb style=\u00bb3d\u00bb color=\u00bbdanger\u00bb align=\u00bbcenter\u00bb css_animation=\u00bblightSpeedIn\u00bb link=\u00bburl:https%3A%2F%2Fforms.gle%2FQ9HfXgU5EMcvuKbs6|title:Formulario%20de%20Inscripci%C3%B3n\u00bb css=\u00bb.vc_custom_1773690143994{margin-bottom: 20px !important;border-radius: 10px !important;}\u00bb][\/vc_column][\/vc_row][vc_row][vc_column][vc_column_text css=\u00bb.vc_custom_1773830364981{margin-bottom: 20px !important;}\u00bb]\r\n<h3 style=\"text-align: left;\"><strong>Programa\u00a0<\/strong><\/h3>\r\n[\/vc_column_text][vc_column_text css=\u00bb.vc_custom_1773832309983{padding-top: 30px !important;padding-bottom: 30px !important;}\u00bb]\r\n<table width=\"440\">\r\n<tbody>\r\n<tr>\r\n<td width=\"51\">\r\n<h4><strong>Sesi\u00f3n<\/strong><\/h4>\r\n<\/td>\r\n<td width=\"100\">\r\n<h4><strong>Hora<\/strong><\/h4>\r\n<\/td>\r\n<td width=\"257\">\r\n<h4><strong>T\u00edtulo<\/strong><\/h4>\r\n<\/td>\r\n<td width=\"132\">\r\n<h4><strong>Ponente<\/strong><\/h4>\r\n<\/td>\r\n<\/tr>\r\n<tr bgcolor=\"#FDEDEC\">\r\n<td rowspan=\"3\" width=\"50\"><strong>Martes 14\/04<\/strong><\/td>\r\n<td rowspan=\"3\" width=\"50\">16:00 &#8211; 20:00<\/td>\r\n<td width=\"257\"><strong>Presentaci\u00f3n<\/strong><\/td>\r\n<td width=\"132\"><a href=\"https:\/\/wpd.ugr.es\/~dpelta\/wordpress\/\">David Pelta<\/a> &#8211; <a href=\"https:\/\/decsai.ugr.es\/informacion\/directorio-personal\/carlos-alberto-cruz-corona\">Carlos Cruz<\/a><\/td>\r\n<\/tr>\r\n<tr bgcolor=\"#FDEDEC\">\r\n<td width=\"257\"><strong>Una introducci\u00f3n a la Inteligencia Artificial<\/strong><\/td>\r\n<td width=\"132\"><a href=\"https:\/\/es.wikipedia.org\/wiki\/Jos%C3%A9_Luis_Verdegay_Galdeano\">Jos\u00e9 L. Verdegay<\/a><\/td>\r\n<\/tr>\r\n<tr bgcolor=\"#FDEDEC\">\r\n<td width=\"257\"><strong>Resolviendo problemas dif\u00edciles con Inteligencia Artificial<\/strong><\/td>\r\n<td width=\"132\"><a href=\"https:\/\/wpd.ugr.es\/~dpelta\/wordpress\/\">David Pelta<\/a><\/td>\r\n<\/tr>\r\n<tr>\r\n<td width=\"51\"><\/td>\r\n<td width=\"100\"><\/td>\r\n<td width=\"257\"><\/td>\r\n<td width=\"132\"><\/td>\r\n<\/tr>\r\n<tr bgcolor=\"#E9F7EF\">\r\n<td rowspan=\"2\" width=\"50\"><strong>Jueves 16\/04<\/strong><\/td>\r\n<td rowspan=\"2\" width=\"50\">16:00 &#8211; 20:00<\/td>\r\n<td width=\"257\"><strong>\u00bfC\u00f3mo aprenden las m\u00e1quinas? Conceptos b\u00e1sicos de Aprendizaje Computacional<\/strong><\/td>\r\n<td width=\"132\"><a href=\"https:\/\/produccioncientifica.ugr.es\/investigadores\/357293\/detalle\">Roc\u00edo Romero<\/a><\/td>\r\n<\/tr>\r\n<tr bgcolor=\"#E9F7EF\">\r\n<td width=\"257\"><strong>Sistemas Inteligentes de Transporte<\/strong><\/td>\r\n<td width=\"132\"><a href=\"https:\/\/www.deusto.es\/es\/inicio\/somos-deusto\/equipo\/investigadores\/21294\/investigador\">Antonio Masegosa<\/a><\/td>\r\n<\/tr>\r\n<tr>\r\n<td width=\"51\"><\/td>\r\n<td width=\"100\"><\/td>\r\n<td width=\"257\"><\/td>\r\n<td width=\"132\"><\/td>\r\n<\/tr>\r\n<tr bgcolor=\"#FEF9E7\">\r\n<td rowspan=\"2\" width=\"50\"><strong>Martes 21\/04<\/strong><\/td>\r\n<td rowspan=\"2\" width=\"50\">16:00 &#8211; 20:00<\/td>\r\n<td width=\"257\"><strong>Procesamiento de Im\u00e1genes y Video<\/strong><\/td>\r\n<td width=\"132\"><a href=\"https:\/\/produccioncientifica.ugr.es\/investigadores\/355244\/detalle\">Javier Mateos<\/a><\/td>\r\n<\/tr>\r\n<tr bgcolor=\"#FEF9E7\">\r\n<td width=\"257\"><strong>Mesa Redonda &#8211; Inteligencia Artificial en 360\u00ba<\/strong><\/td>\r\n<td width=\"132\"><\/td>\r\n<\/tr>\r\n<tr>\r\n<td width=\"51\"><\/td>\r\n<td width=\"100\"><\/td>\r\n<td width=\"257\"><\/td>\r\n<td width=\"132\"><\/td>\r\n<\/tr>\r\n<tr bgcolor=\"#EBF5FB\">\r\n<td rowspan=\"2\" width=\"50\"><strong>Jueves 23\/04<\/strong><\/td>\r\n<td rowspan=\"2\" width=\"50\">16:00 &#8211; 20:00<\/td>\r\n<td width=\"257\"><strong>Modelos de Lenguaje y aplicaciones<\/strong><\/td>\r\n<td width=\"132\"><a href=\"https:\/\/www.ugr.es\/personal\/boris-perez-canedo-2\">Boris P\u00e9rez<\/a><\/td>\r\n<\/tr>\r\n<tr bgcolor=\"#EBF5FB\">\r\n<td width=\"257\"><strong>Inteligencia Artificial y sus aplicaciones en Salud<\/strong><\/td>\r\n<td width=\"132\"><a href=\"https:\/\/produccioncientifica.ugr.es\/investigadores\/354563\/detalle\">Igor Zwir<\/a><\/td>\r\n<\/tr>\r\n<tr>\r\n<td width=\"51\"><\/td>\r\n<td width=\"100\"><\/td>\r\n<td width=\"257\"><\/td>\r\n<td width=\"132\"><\/td>\r\n<\/tr>\r\n<tr bgcolor=\"#F5EEF8\">\r\n<td rowspan=\"3\" width=\"50\"><strong>Martes 28\/04<\/strong><\/td>\r\n<td rowspan=\"3\" width=\"50\">16:00 &#8211; 20:00<\/td>\r\n<td width=\"257\"><strong>Sistemas de Recomendaci\u00f3n (o c\u00f3mo las plataformas te sugieren lo que te gusta)<\/strong><\/td>\r\n<td width=\"132\"><a href=\"https:\/\/produccioncientifica.ugr.es\/investigadores\/355255\/detalle\">Juan Manuel Fern\u00e1ndez Luna<\/a><\/td>\r\n<\/tr>\r\n<tr bgcolor=\"#F5EEF8\">\r\n<td width=\"257\"><strong>Inteligencia Artificial y M\u00fasica<\/strong><\/td>\r\n<td width=\"132\"><a href=\"https:\/\/produccioncientifica.ugr.es\/investigadores\/354861\/detalle\">Jos\u00e9 Luis Bernier<\/a><\/td>\r\n<\/tr>\r\n<tr bgcolor=\"#F5EEF8\">\r\n<td width=\"257\"><strong>Redes Sociales, bulos, desinformaci\u00f3n e Inteligencia Artificial<\/strong><\/td>\r\n<td width=\"132\"><a href=\"https:\/\/produccioncientifica.ugr.es\/investigadores\/355067\/detalle\">Juan G\u00f3mez<\/a><\/td>\r\n<\/tr>\r\n<tr>\r\n<td width=\"51\"><\/td>\r\n<td width=\"100\"><\/td>\r\n<td width=\"257\"><\/td>\r\n<td width=\"132\"><\/td>\r\n<\/tr>\r\n<tr bgcolor=\"#F8F9F9\">\r\n<td rowspan=\"1\" width=\"50\"><strong>Jueves 29\/04<\/strong><\/td>\r\n<td rowspan=\"1\" width=\"50\">16:00 &#8211; 20:00<\/td>\r\n<td width=\"257\"><strong>Procesamiento de Lenguaje Natural y Aplicaciones<\/strong><\/td>\r\n<td width=\"132\"><\/td>\r\n<\/tr>\r\n<\/tbody>\r\n<\/table>\r\n<div class=\"wp-block-group\"><\/div>\r\n[\/vc_column_text][\/vc_column][\/vc_row][vc_row][vc_column][vc_separator style=\u00bbshadow\u00bb border_width=\u00bb3&#8243;][vc_column_text css=\u00bb.vc_custom_1712594060461{margin-bottom: 20px !important;}\u00bb]\r\n<h3><strong>Colaboran<\/strong><\/h3>\r\n[\/vc_column_text][\/vc_column][\/vc_row][vc_row][vc_column width=\u00bb1\/5&#8243;]<style type=\"text\/css\" data-type=\"the7_shortcodes-inline-css\">.shortcode-single-image-wrap.shortcode-single-image-6fadfff7c7b0d6e85c6fbf90d6a3e17c.enable-bg-rollover .rollover i,\n.shortcode-single-image-wrap.shortcode-single-image-6fadfff7c7b0d6e85c6fbf90d6a3e17c.enable-bg-rollover .rollover-video i {\n  background: -webkit-linear-gradient();\n  background: linear-gradient();\n}\n.shortcode-single-image-wrap.shortcode-single-image-6fadfff7c7b0d6e85c6fbf90d6a3e17c .rollover-icon {\n  font-size: 32px;\n  color: #ffffff;\n  min-width: 44px;\n  min-height: 44px;\n  line-height: 44px;\n  border-radius: 100px;\n  border-style: solid;\n  border-width: 0px;\n}\n.dt-icon-bg-on.shortcode-single-image-wrap.shortcode-single-image-6fadfff7c7b0d6e85c6fbf90d6a3e17c .rollover-icon {\n  background: rgba(255,255,255,0.3);\n  box-shadow: none;\n}\n<\/style><div class=\"shortcode-single-image-wrap shortcode-single-image-6fadfff7c7b0d6e85c6fbf90d6a3e17c alignnone  enable-bg-rollover dt-icon-bg-off\" style=\"margin-top:0px; margin-bottom:0px; margin-left:0px; margin-right:0px;\"><div class=\"shortcode-single-image\"><div class=\"fancy-media-wrap\" style=\"\"><a href=\"https:\/\/www.ugr.es\/\" class=\" layzr-bg rollover\" style=\"\" aria-label=\"Image\"><img loading=\"lazy\" decoding=\"async\" class=\"preload-me lazy-load\" src=\"data:image\/svg+xml,%3Csvg%20xmlns%3D&#39;http%3A%2F%2Fwww.w3.org%2F2000%2Fsvg&#39;%20viewBox%3D&#39;0%200%201029%201006&#39;%2F%3E\" data-src=\"https:\/\/modougr.es\/wp-content\/uploads\/2024\/04\/UGR.png\" data-srcset=\"https:\/\/modougr.es\/wp-content\/uploads\/2024\/04\/UGR.png 1029w\" width=\"1029\" height=\"1006\"  data-dt-location=\"https:\/\/modougr.es\/index.php\/inteligencia-artificial-en-360o-3a-edicion\/ugr\/\" alt=\"\" \/><\/a><\/div><\/div><\/div>[\/vc_column][vc_column width=\u00bb1\/5&#8243;]<style type=\"text\/css\" data-type=\"the7_shortcodes-inline-css\">.shortcode-single-image-wrap.shortcode-single-image-62ba7c7afd52f1e30d466b45049e053c.enable-bg-rollover .rollover i,\n.shortcode-single-image-wrap.shortcode-single-image-62ba7c7afd52f1e30d466b45049e053c.enable-bg-rollover .rollover-video i {\n  background: -webkit-linear-gradient();\n  background: linear-gradient();\n}\n.shortcode-single-image-wrap.shortcode-single-image-62ba7c7afd52f1e30d466b45049e053c .rollover-icon {\n  font-size: 32px;\n  color: #ffffff;\n  min-width: 44px;\n  min-height: 44px;\n  line-height: 44px;\n  border-radius: 100px;\n  border-style: solid;\n  border-width: 0px;\n}\n.dt-icon-bg-on.shortcode-single-image-wrap.shortcode-single-image-62ba7c7afd52f1e30d466b45049e053c .rollover-icon {\n  background: rgba(255,255,255,0.3);\n  box-shadow: none;\n}\n<\/style><div class=\"shortcode-single-image-wrap shortcode-single-image-62ba7c7afd52f1e30d466b45049e053c alignnone  enable-bg-rollover dt-icon-bg-off\" style=\"margin-top:0px; margin-bottom:0px; margin-left:0px; margin-right:0px;\"><div class=\"shortcode-single-image\"><div class=\"fancy-media-wrap\" style=\"\"><a href=\"https:\/\/modougr.es\/\" class=\" layzr-bg rollover\" style=\"\" aria-label=\"Image\"><img loading=\"lazy\" decoding=\"async\" class=\"preload-me lazy-load\" src=\"data:image\/svg+xml,%3Csvg%20xmlns%3D&#39;http%3A%2F%2Fwww.w3.org%2F2000%2Fsvg&#39;%20viewBox%3D&#39;0%200%202914%202070&#39;%2F%3E\" data-src=\"https:\/\/modougr.es\/wp-content\/uploads\/2024\/04\/1-RGB-CON-FONDO-TRANSPARENTE.png\" data-srcset=\"https:\/\/modougr.es\/wp-content\/uploads\/2024\/04\/1-RGB-CON-FONDO-TRANSPARENTE.png 2914w\" width=\"2914\" height=\"2070\"  data-dt-location=\"https:\/\/modougr.es\/index.php\/inteligencia-artificial-en-360o-3a-edicion\/1-rgb-con-fondo-transparente\/\" alt=\"\" \/><\/a><\/div><\/div><\/div>[\/vc_column][vc_column width=\u00bb1\/5&#8243;]<style type=\"text\/css\" data-type=\"the7_shortcodes-inline-css\">.shortcode-single-image-wrap.shortcode-single-image-18018b36c37a5684b421c5731aa98c81.enable-bg-rollover .rollover i,\n.shortcode-single-image-wrap.shortcode-single-image-18018b36c37a5684b421c5731aa98c81.enable-bg-rollover .rollover-video i {\n  background: -webkit-linear-gradient();\n  background: linear-gradient();\n}\n.shortcode-single-image-wrap.shortcode-single-image-18018b36c37a5684b421c5731aa98c81 .rollover-icon {\n  font-size: 32px;\n  color: #ffffff;\n  min-width: 44px;\n  min-height: 44px;\n  line-height: 44px;\n  border-radius: 100px;\n  border-style: solid;\n  border-width: 0px;\n}\n.dt-icon-bg-on.shortcode-single-image-wrap.shortcode-single-image-18018b36c37a5684b421c5731aa98c81 .rollover-icon {\n  background: rgba(255,255,255,0.3);\n  box-shadow: none;\n}\n<\/style><div class=\"shortcode-single-image-wrap shortcode-single-image-18018b36c37a5684b421c5731aa98c81 alignnone  enable-bg-rollover dt-icon-bg-off\" style=\"margin-top:0px; margin-bottom:0px; margin-left:0px; margin-right:0px;\"><div class=\"shortcode-single-image\"><div class=\"fancy-media-wrap\" style=\"\"><a href=\"https:\/\/escuelaposgrado.ugr.es\/\" class=\" layzr-bg rollover\" style=\"\" aria-label=\"Image\"><img loading=\"lazy\" decoding=\"async\" class=\"preload-me lazy-load\" src=\"data:image\/svg+xml,%3Csvg%20xmlns%3D&#39;http%3A%2F%2Fwww.w3.org%2F2000%2Fsvg&#39;%20viewBox%3D&#39;0%200%20191%20107&#39;%2F%3E\" data-src=\"https:\/\/modougr.es\/wp-content\/uploads\/2024\/04\/CEIP.jpeg\" data-srcset=\"https:\/\/modougr.es\/wp-content\/uploads\/2024\/04\/CEIP.jpeg 191w\" width=\"191\" height=\"107\"  data-dt-location=\"https:\/\/modougr.es\/ceip\/\" alt=\"\" \/><\/a><\/div><\/div><\/div>[\/vc_column][vc_column width=\u00bb1\/5&#8243;]<style type=\"text\/css\" data-type=\"the7_shortcodes-inline-css\">.shortcode-single-image-wrap.shortcode-single-image-1e0f899780405b40693c8b2beca5856d.enable-bg-rollover .rollover i,\n.shortcode-single-image-wrap.shortcode-single-image-1e0f899780405b40693c8b2beca5856d.enable-bg-rollover .rollover-video i {\n  background: -webkit-linear-gradient();\n  background: linear-gradient();\n}\n.shortcode-single-image-wrap.shortcode-single-image-1e0f899780405b40693c8b2beca5856d .rollover-icon {\n  font-size: 32px;\n  color: #ffffff;\n  min-width: 44px;\n  min-height: 44px;\n  line-height: 44px;\n  border-radius: 100px;\n  border-style: solid;\n  border-width: 0px;\n}\n.dt-icon-bg-on.shortcode-single-image-wrap.shortcode-single-image-1e0f899780405b40693c8b2beca5856d .rollover-icon {\n  background: rgba(255,255,255,0.3);\n  box-shadow: none;\n}\n<\/style><div class=\"shortcode-single-image-wrap shortcode-single-image-1e0f899780405b40693c8b2beca5856d alignnone  enable-bg-rollover dt-icon-bg-off\" style=\"margin-top:0px; margin-bottom:0px; margin-left:0px; margin-right:0px;\"><div class=\"shortcode-single-image\"><div class=\"fancy-media-wrap\" style=\"\"><a href=\"https:\/\/decsai.ugr.es\/\" class=\" layzr-bg rollover\" style=\"\" aria-label=\"Image\"><img loading=\"lazy\" decoding=\"async\" class=\"preload-me lazy-load\" src=\"data:image\/svg+xml,%3Csvg%20xmlns%3D&#39;http%3A%2F%2Fwww.w3.org%2F2000%2Fsvg&#39;%20viewBox%3D&#39;0%200%201024%201240&#39;%2F%3E\" data-src=\"https:\/\/modougr.es\/wp-content\/uploads\/2024\/04\/DECSAI.jpeg\" data-srcset=\"https:\/\/modougr.es\/wp-content\/uploads\/2024\/04\/DECSAI.jpeg 1024w\" width=\"1024\" height=\"1240\"  data-dt-location=\"https:\/\/modougr.es\/decsai\/\" alt=\"\" \/><\/a><\/div><\/div><\/div>[\/vc_column][vc_column width=\u00bb1\/5&#8243;]<style type=\"text\/css\" data-type=\"the7_shortcodes-inline-css\">.shortcode-single-image-wrap.shortcode-single-image-24b8a391a2a40dc7eeb4e313c0d09c11.enable-bg-rollover .rollover i,\n.shortcode-single-image-wrap.shortcode-single-image-24b8a391a2a40dc7eeb4e313c0d09c11.enable-bg-rollover .rollover-video i {\n  background: -webkit-linear-gradient();\n  background: linear-gradient();\n}\n.shortcode-single-image-wrap.shortcode-single-image-24b8a391a2a40dc7eeb4e313c0d09c11 .rollover-icon {\n  font-size: 32px;\n  color: #ffffff;\n  min-width: 44px;\n  min-height: 44px;\n  line-height: 44px;\n  border-radius: 100px;\n  border-style: solid;\n  border-width: 0px;\n}\n.dt-icon-bg-on.shortcode-single-image-wrap.shortcode-single-image-24b8a391a2a40dc7eeb4e313c0d09c11 .rollover-icon {\n  background: rgba(255,255,255,0.3);\n  box-shadow: none;\n}\n<\/style><div class=\"shortcode-single-image-wrap shortcode-single-image-24b8a391a2a40dc7eeb4e313c0d09c11 alignnone  enable-bg-rollover dt-icon-bg-off\" style=\"margin-top:0px; margin-bottom:0px; margin-left:0px; margin-right:0px;\"><div class=\"shortcode-single-image\"><div class=\"fancy-media-wrap\" style=\"\"><a href=\"https:\/\/etsiit.ugr.es\/\" class=\" layzr-bg rollover\" style=\"\" aria-label=\"Image\"><img loading=\"lazy\" decoding=\"async\" class=\"preload-me lazy-load\" src=\"data:image\/svg+xml,%3Csvg%20xmlns%3D&#39;http%3A%2F%2Fwww.w3.org%2F2000%2Fsvg&#39;%20viewBox%3D&#39;0%200%20452%20435&#39;%2F%3E\" data-src=\"https:\/\/modougr.es\/wp-content\/uploads\/2024\/04\/ETS.jpeg\" data-srcset=\"https:\/\/modougr.es\/wp-content\/uploads\/2024\/04\/ETS.jpeg 452w\" width=\"452\" height=\"435\"  data-dt-location=\"https:\/\/modougr.es\/ets\/\" alt=\"\" \/><\/a><\/div><\/div><\/div>[\/vc_column][\/vc_row]<!-- \/wp:post-content -->","protected":false},"excerpt":{"rendered":"<p>[vc_row content_placement=\u00bbtop\u00bb parallax_content=\u00bbparallax_content_value\u00bb css=\u00bb.vc_custom_1712660038225{padding-top: 10px !important;padding-bottom: 10px !important;border-radius: 5px !important;}\u00bb][vc_column width=\u00bb3\/4&#8243;][\/vc_column][vc_column width=\u00bb1\/4&#8243; css=\u00bb.vc_custom_1712659978344{padding-top: 10px !important;padding-bottom: 10px !important;border-radius: 5px !important;}\u00bb][vc_column_text] Acceso\u00a0Aula Virtual [\/vc_column_text][\/vc_column][\/vc_row][vc_row][vc_column][vc_column_text css=\u00bb.vc_custom_1773690346467{padding-top: 30px !important;padding-bottom: 30px !important;}\u00bb] Esta actividad formativa, organizada por la Escuela Internacional de Posgrado de la Universidad de Granada , tiene como objetivo principal clarificar las cuestiones b\u00e1sicas asociadas con la Inteligencia&hellip;<\/p>\n","protected":false},"author":1,"featured_media":0,"parent":0,"menu_order":0,"comment_status":"closed","ping_status":"closed","template":"","meta":[],"class_list":["post-3519","page","type-page","status-publish","hentry","description-off"],"_links":{"self":[{"href":"https:\/\/modougr.es\/index.php\/wp-json\/wp\/v2\/pages\/3519","targetHints":{"allow":["GET"]}}],"collection":[{"href":"https:\/\/modougr.es\/index.php\/wp-json\/wp\/v2\/pages"}],"about":[{"href":"https:\/\/modougr.es\/index.php\/wp-json\/wp\/v2\/types\/page"}],"author":[{"embeddable":true,"href":"https:\/\/modougr.es\/index.php\/wp-json\/wp\/v2\/users\/1"}],"replies":[{"embeddable":true,"href":"https:\/\/modougr.es\/index.php\/wp-json\/wp\/v2\/comments?post=3519"}],"version-history":[{"count":7,"href":"https:\/\/modougr.es\/index.php\/wp-json\/wp\/v2\/pages\/3519\/revisions"}],"predecessor-version":[{"id":3530,"href":"https:\/\/modougr.es\/index.php\/wp-json\/wp\/v2\/pages\/3519\/revisions\/3530"}],"wp:attachment":[{"href":"https:\/\/modougr.es\/index.php\/wp-json\/wp\/v2\/media?parent=3519"}],"curies":[{"name":"wp","href":"https:\/\/api.w.org\/{rel}","templated":true}]}}