{"id":3432,"date":"2025-10-06T11:17:23","date_gmt":"2025-10-06T11:17:23","guid":{"rendered":"https:\/\/modougr.es\/?page_id=3432"},"modified":"2026-02-20T12:12:28","modified_gmt":"2026-02-20T12:12:28","slug":"proyecto_cademas","status":"publish","type":"page","link":"https:\/\/modougr.es\/index.php\/proyecto_cademas\/","title":{"rendered":"Proyecto CADEMAS"},"content":{"rendered":"<p>[vc_row][vc_column]<style type=\"text\/css\" data-type=\"the7_shortcodes-inline-css\">.shortcode-single-image-wrap.shortcode-single-image-0910edf1f61a26d9f0e5846b254e53cf.enable-bg-rollover .rollover i,\n.shortcode-single-image-wrap.shortcode-single-image-0910edf1f61a26d9f0e5846b254e53cf.enable-bg-rollover .rollover-video i {\n  background: -webkit-linear-gradient();\n  background: linear-gradient();\n}\n.shortcode-single-image-wrap.shortcode-single-image-0910edf1f61a26d9f0e5846b254e53cf .rollover-icon {\n  font-size: 32px;\n  color: #ffffff;\n  min-width: 44px;\n  min-height: 44px;\n  line-height: 44px;\n  border-radius: 100px;\n  border-style: solid;\n  border-width: 0px;\n}\n.dt-icon-bg-on.shortcode-single-image-wrap.shortcode-single-image-0910edf1f61a26d9f0e5846b254e53cf .rollover-icon {\n  background: rgba(255,255,255,0.3);\n  box-shadow: none;\n}\n<\/style><div class=\"shortcode-single-image-wrap shortcode-single-image-0910edf1f61a26d9f0e5846b254e53cf alignright  enable-bg-rollover dt-icon-bg-off\" style=\"margin-top:0px; margin-bottom:0px; margin-left:0px; margin-right:0px; width:600px;\"><div class=\"shortcode-single-image\"><div class=\"fancy-media-wrap  layzr-bg\" style=\"\"><img loading=\"lazy\" decoding=\"async\" class=\"preload-me lazy-load\" src=\"data:image\/svg+xml,%3Csvg%20xmlns%3D&#39;http%3A%2F%2Fwww.w3.org%2F2000%2Fsvg&#39;%20viewBox%3D&#39;0%200%20600%20116&#39;%2F%3E\" data-src=\"https:\/\/modougr.es\/wp-content\/uploads\/2026\/02\/Logo_ministerio_2-600x116.jpg\" data-srcset=\"https:\/\/modougr.es\/wp-content\/uploads\/2026\/02\/Logo_ministerio_2-600x116.jpg 600w, https:\/\/modougr.es\/wp-content\/uploads\/2026\/02\/Logo_ministerio_2-1200x232.jpg 1200w\" width=\"600\" height=\"116\"  data-dt-location=\"https:\/\/modougr.es\/index.php\/proyecto_cademas\/logo_ministerio_2\/\" style=\"\" alt=\"\" \/><\/div><\/div><\/div>[\/vc_column][\/vc_row][vc_row][vc_column width=\u00bb1\/4&#8243;]<style type=\"text\/css\" data-type=\"the7_shortcodes-inline-css\">.shortcode-single-image-wrap.shortcode-single-image-624c1cd50afe4aa75a794ef27f2d1e42.enable-bg-rollover .rollover i,\n.shortcode-single-image-wrap.shortcode-single-image-624c1cd50afe4aa75a794ef27f2d1e42.enable-bg-rollover .rollover-video i {\n  background: -webkit-linear-gradient();\n  background: linear-gradient();\n}\n.shortcode-single-image-wrap.shortcode-single-image-624c1cd50afe4aa75a794ef27f2d1e42 .rollover-icon {\n  font-size: 32px;\n  color: #ffffff;\n  min-width: 44px;\n  min-height: 44px;\n  line-height: 44px;\n  border-radius: 100px;\n  border-style: solid;\n  border-width: 0px;\n}\n.dt-icon-bg-on.shortcode-single-image-wrap.shortcode-single-image-624c1cd50afe4aa75a794ef27f2d1e42 .rollover-icon {\n  background: rgba(255,255,255,0.3);\n  box-shadow: none;\n}\n<\/style><div class=\"shortcode-single-image-wrap shortcode-single-image-624c1cd50afe4aa75a794ef27f2d1e42 alignleft  vc_custom_1771589060906 enable-bg-rollover dt-icon-bg-off\" ><div class=\"shortcode-single-image\"><div class=\"fancy-media-wrap  layzr-bg\" style=\"border-radius:10px;\"><img loading=\"lazy\" decoding=\"async\" class=\"preload-me lazy-load\" src=\"data:image\/svg+xml,%3Csvg%20xmlns%3D&#39;http%3A%2F%2Fwww.w3.org%2F2000%2Fsvg&#39;%20viewBox%3D&#39;0%200%20250%20304&#39;%2F%3E\" data-src=\"https:\/\/modougr.es\/wp-content\/uploads\/2026\/02\/Cademas-250x304.png\" data-srcset=\"https:\/\/modougr.es\/wp-content\/uploads\/2026\/02\/Cademas-250x304.png 250w, https:\/\/modougr.es\/wp-content\/uploads\/2026\/02\/Cademas.png 359w\" width=\"250\" height=\"304\"  data-dt-location=\"https:\/\/modougr.es\/index.php\/proyecto_cademas\/cademas-2\/\" style=\"border-radius:10px;\" alt=\"\" \/><\/div><\/div><\/div>[\/vc_column][vc_column width=\u00bb3\/4&#8243; css=\u00bb.vc_custom_1759854851882{margin-top: 50px !important;}\u00bb]<div class=\"dt-fancy-separator h3-size style-disabled\" style=\"width: 100%;\"><div class=\"dt-fancy-title\"><span class=\"separator-holder separator-left\"><\/span>Estudio, An\u00e1lisis y Evaluaci\u00f3n de Sistemas Automatizados de Decisi\u00f3n Cooperativos. (Study, Analysis and Evaluation of Cooperative Automated Decision Making Systems). PID2023-146575NB-I00 financiado por MICIU\/AEI\/10.13039\/501100011033 y por FEDER Una manera de hacer Europa<span class=\"separator-holder separator-right\"><\/span><\/div><\/div>[\/vc_column][\/vc_row][vc_row][vc_column][vc_accordion active_tab=\u00bb1&#8243; collapsible=\u00bbyes\u00bb title_size=\u00bbh3&#8243; style=\u00bb3&#8243;][vc_accordion_tab title=\u00bbObjetivo\u00bb][vc_column_text css=\u00bb.vc_custom_1770912787111{margin-top: 1px !important;margin-bottom: 20px !important;}\u00bb]Estudiar y proponer modelos operativos de sistemas automatizados de decisi\u00f3n cooperativos (CADM) que permitan potenciar la toma de decisiones al estar basadas en m\u00faltiples criterios y datos que no est\u00e1n simult\u00e1neamente disponibles en los ADMs individuales. En primer lugar, se estudiar\u00e1n aspectos te\u00f3ricos utilizando versiones simplificadas de problemas de inter\u00e9s. Posteriormente, se abordar\u00e1 el dise\u00f1o e implementaci\u00f3n de un prototipo operativo de un CADM para un problema en el \u00e1mbito de la econom\u00eda financiera.[\/vc_column_text][\/vc_accordion_tab][vc_accordion_tab title=\u00bbEquipo\u00bb]<style type=\"text\/css\" data-type=\"the7_shortcodes-inline-css\">.dt-team-shortcode.team-masonry-shortcode-id-5f33fe71a195737e04ab5b8071759b3e .team-desc {\n  padding: 20px 20px 20px 20px;\n}\n.dt-team-shortcode.team-masonry-shortcode-id-5f33fe71a195737e04ab5b8071759b3e .team-author-name,\n.dt-team-shortcode.team-masonry-shortcode-id-5f33fe71a195737e04ab5b8071759b3e .team-author-name a {\n  margin-bottom: 0px;\n  font-weight: bold;\n}\n.dt-team-shortcode.team-masonry-shortcode-id-5f33fe71a195737e04ab5b8071759b3e .team-author p {\n  margin-bottom: 10px;\n  font-weight: bold;\n}\n.dt-team-shortcode.team-masonry-shortcode-id-5f33fe71a195737e04ab5b8071759b3e  .team-media {\n  padding: 20px 20px 20px 20px;\n}\n.dt-team-shortcode.team-masonry-shortcode-id-5f33fe71a195737e04ab5b8071759b3e  .team-media a,\n.dt-team-shortcode.team-masonry-shortcode-id-5f33fe71a195737e04ab5b8071759b3e  .team-media > span,\n.dt-team-shortcode.team-masonry-shortcode-id-5f33fe71a195737e04ab5b8071759b3e  .team-media img {\n  max-width: 100px;\n}\n.dt-team-shortcode.team-masonry-shortcode-id-5f33fe71a195737e04ab5b8071759b3e .dt-css-grid .team-media img {\n  width: 100px;\n  max-width: 100%;\n}\n.dt-team-shortcode.team-masonry-shortcode-id-5f33fe71a195737e04ab5b8071759b3e .team-content {\n  margin-bottom: 5px;\n  font-weight: bold;\n}\n.dt-team-shortcode.team-masonry-shortcode-id-5f33fe71a195737e04ab5b8071759b3e  .team-media,\n.dt-team-shortcode.team-masonry-shortcode-id-5f33fe71a195737e04ab5b8071759b3e  .team-media a.rollover,\n.dt-team-shortcode.team-masonry-shortcode-id-5f33fe71a195737e04ab5b8071759b3e  .team-media a.rollover *,\n.dt-team-shortcode.team-masonry-shortcode-id-5f33fe71a195737e04ab5b8071759b3e  .team-media img {\n  border-radius: 400px;\n}\n.dt-team-shortcode.team-masonry-shortcode-id-5f33fe71a195737e04ab5b8071759b3e .soc-ico {\n  margin-bottom: 15px;\n}\n.dt-team-shortcode.team-masonry-shortcode-id-5f33fe71a195737e04ab5b8071759b3e .soc-ico a {\n  min-width: 26px;\n  min-height: 26px;\n  font-size: 16px;\n  border-radius: 100px;\n}\n.dt-team-shortcode.team-masonry-shortcode-id-5f33fe71a195737e04ab5b8071759b3e .soc-ico a:not(:last-child) {\n  margin-right: 4px;\n}\n.dt-team-shortcode.team-masonry-shortcode-id-5f33fe71a195737e04ab5b8071759b3e .soc-ico a:before,\n.dt-team-shortcode.team-masonry-shortcode-id-5f33fe71a195737e04ab5b8071759b3e .soc-ico a:after {\n  min-width: 26px;\n  min-height: 26px;\n  padding: inherit;\n}\n.dt-icon-border-on.dt-team-shortcode.team-masonry-shortcode-id-5f33fe71a195737e04ab5b8071759b3e .soc-ico a:before {\n  border: 0px solid transparent;\n}\n.dt-team-shortcode.team-masonry-shortcode-id-5f33fe71a195737e04ab5b8071759b3e .soc-ico a:hover {\n  font-size: 16px;\n}\n#page .dt-team-shortcode.team-masonry-shortcode-id-5f33fe71a195737e04ab5b8071759b3e .soc-ico a:hover .soc-font-icon {\n  color: rgba(255,255,255,0.75);\n  background: none;\n}\n.dt-icon-border-hover-on.dt-team-shortcode.team-masonry-shortcode-id-5f33fe71a195737e04ab5b8071759b3e .soc-ico a:after {\n  border: 0px solid transparent;\n}\n#page .dt-team-shortcode.team-masonry-shortcode-id-5f33fe71a195737e04ab5b8071759b3e .soc-ico a:not(:hover) .soc-font-icon {\n  color: #ffffff;\n  background: none;\n}\n.dt-team-shortcode.team-masonry-shortcode-id-5f33fe71a195737e04ab5b8071759b3e .soc-ico a .soc-font-icon {\n  font-size: 16px;\n}\n.dt-team-shortcode.team-masonry-shortcode-id-5f33fe71a195737e04ab5b8071759b3e .filter-bg-decoration .filter-categories a.act {\n  color: #fff;\n}\n.dt-team-shortcode.team-masonry-shortcode-id-5f33fe71a195737e04ab5b8071759b3e:not(.resize-by-browser-width) .dt-css-grid {\n  grid-row-gap: 30px;\n  grid-column-gap: 30px;\n  grid-template-columns: repeat(auto-fill,minmax(,1fr));\n}\n.cssgridlegacy.no-cssgrid .dt-team-shortcode.team-masonry-shortcode-id-5f33fe71a195737e04ab5b8071759b3e:not(.resize-by-browser-width) .dt-css-grid,\n.no-cssgridlegacy.no-cssgrid .dt-team-shortcode.team-masonry-shortcode-id-5f33fe71a195737e04ab5b8071759b3e:not(.resize-by-browser-width) .dt-css-grid {\n  display: flex;\n  flex-flow: row wrap;\n  margin: -15px;\n}\n.cssgridlegacy.no-cssgrid .dt-team-shortcode.team-masonry-shortcode-id-5f33fe71a195737e04ab5b8071759b3e:not(.resize-by-browser-width) .dt-css-grid .wf-cell,\n.no-cssgridlegacy.no-cssgrid .dt-team-shortcode.team-masonry-shortcode-id-5f33fe71a195737e04ab5b8071759b3e:not(.resize-by-browser-width) .dt-css-grid .wf-cell {\n  flex: 1 0 ;\n  max-width: 100%;\n  padding: 15px;\n  box-sizing: border-box;\n}\n.dt-team-shortcode.team-masonry-shortcode-id-5f33fe71a195737e04ab5b8071759b3e.resize-by-browser-width .dt-css-grid {\n  grid-template-columns: repeat(5,1fr);\n  grid-template-rows: auto;\n  grid-column-gap: 30px;\n  grid-row-gap: 30px;\n}\n.cssgridlegacy.no-cssgrid .dt-team-shortcode.team-masonry-shortcode-id-5f33fe71a195737e04ab5b8071759b3e.resize-by-browser-width .dt-css-grid,\n.no-cssgridlegacy.no-cssgrid .dt-team-shortcode.team-masonry-shortcode-id-5f33fe71a195737e04ab5b8071759b3e.resize-by-browser-width .dt-css-grid {\n  margin: -15px;\n}\n.cssgridlegacy.no-cssgrid .dt-team-shortcode.team-masonry-shortcode-id-5f33fe71a195737e04ab5b8071759b3e.resize-by-browser-width .dt-css-grid .wf-cell,\n.no-cssgridlegacy.no-cssgrid .dt-team-shortcode.team-masonry-shortcode-id-5f33fe71a195737e04ab5b8071759b3e.resize-by-browser-width .dt-css-grid .wf-cell {\n  width: 20%;\n  padding: 15px;\n}\n@media screen and (max-width: 1199px) {\n  .dt-team-shortcode.team-masonry-shortcode-id-5f33fe71a195737e04ab5b8071759b3e.resize-by-browser-width .dt-css-grid {\n    grid-template-columns: repeat(5,1fr);\n  }\n  .cssgridlegacy.no-cssgrid .dt-team-shortcode.team-masonry-shortcode-id-5f33fe71a195737e04ab5b8071759b3e.resize-by-browser-width .dt-css-grid .wf-cell,\n  .no-cssgridlegacy.no-cssgrid .dt-team-shortcode.team-masonry-shortcode-id-5f33fe71a195737e04ab5b8071759b3e.resize-by-browser-width .dt-css-grid .wf-cell {\n    width: 20%;\n  }\n}\n@media screen and (max-width: 991px) {\n  .dt-team-shortcode.team-masonry-shortcode-id-5f33fe71a195737e04ab5b8071759b3e.resize-by-browser-width .dt-css-grid {\n    grid-template-columns: repeat(2,1fr);\n  }\n  .cssgridlegacy.no-cssgrid .dt-team-shortcode.team-masonry-shortcode-id-5f33fe71a195737e04ab5b8071759b3e.resize-by-browser-width .dt-css-grid .wf-cell,\n  .no-cssgridlegacy.no-cssgrid .dt-team-shortcode.team-masonry-shortcode-id-5f33fe71a195737e04ab5b8071759b3e.resize-by-browser-width .dt-css-grid .wf-cell {\n    width: 50%;\n  }\n}\n@media screen and (max-width: 767px) {\n  .dt-team-shortcode.team-masonry-shortcode-id-5f33fe71a195737e04ab5b8071759b3e.resize-by-browser-width .dt-css-grid {\n    grid-template-columns: repeat(1,1fr);\n  }\n  .cssgridlegacy.no-cssgrid .dt-team-shortcode.team-masonry-shortcode-id-5f33fe71a195737e04ab5b8071759b3e.resize-by-browser-width .dt-css-grid .wf-cell,\n  .no-cssgridlegacy.no-cssgrid .dt-team-shortcode.team-masonry-shortcode-id-5f33fe71a195737e04ab5b8071759b3e.resize-by-browser-width .dt-css-grid .wf-cell {\n    width: 100%;\n  }\n}\n<\/style><div class=\"dt-team-masonry-shortcode dt-team-shortcode team-masonry-shortcode-id-5f33fe71a195737e04ab5b8071759b3e loading-effect-fade-in mode-grid jquery-filter content-align-center dt-css-grid-wrap dt-css-grid-wrap disable-bg-rollover dt-icon-bg-on dt-icon-border-on dt-icon-hover-bg-on dt-icon-border-hover-on move-icons-under-position resize-by-browser-width  \" data-padding=\"15px\" data-cur-page=\"1\" data-post-limit=\"-1\" data-pagination-mode=\"none\" data-desktop-columns-num=\"5\" data-v-tablet-columns-num=\"2\" data-h-tablet-columns-num=\"5\" data-phone-columns-num=\"1\" data-width=\"0px\" data-columns=\"0\"><div class=\"dt-css-grid\" ><div class=\"visible wf-cell\" data-post-id=\"501\" data-date=\"2014-03-17T12:10:08+00:00\" data-name=\"Marcelino Cabrera\"><div class=\"team-container visible post post-501 dt_team type-dt_team status-publish has-post-thumbnail hentry dt_team_category-cademas dt_team_category-equipo dt_team_category-52 dt_team_category-23\"><div class=\"team-media\"><span><img loading=\"lazy\" decoding=\"async\" class=\"preload-me iso-lazy-load\" src=\"data:image\/svg+xml,%3Csvg%20xmlns%3D&#39;http%3A%2F%2Fwww.w3.org%2F2000%2Fsvg&#39;%20viewBox%3D&#39;0%200%20598%20696&#39;%2F%3E\" data-src=\"https:\/\/modougr.es\/wp-content\/uploads\/2014\/03\/MVIMG_20190812_204326.jpg\" data-srcset=\"https:\/\/modougr.es\/wp-content\/uploads\/2014\/03\/MVIMG_20190812_204326.jpg 598w\" width=\"598\" height=\"696\"  title=\"MVIMG_20190812_204326\" alt=\"\" \/><\/span><\/div><div class=\"team-desc\"><div class=\"team-author\"><div class=\"team-author-name\">Marcelino Cabrera<\/div><p>Profesor Colaborador<\/p><\/div><div class=\"team-content\"><\/div><\/div><\/div><\/div><div class=\"visible wf-cell\" data-post-id=\"3435\" data-date=\"2025-07-22T10:38:09+00:00\" data-name=\"Mariia Godz\"><div class=\"team-container visible post post-3435 dt_team type-dt_team status-publish has-post-thumbnail hentry dt_team_category-cademas dt_team_category-equipo dt_team_category-52 dt_team_category-23\"><div class=\"team-media\"><span><img loading=\"lazy\" decoding=\"async\" class=\"preload-me iso-lazy-load\" src=\"data:image\/svg+xml,%3Csvg%20xmlns%3D&#39;http%3A%2F%2Fwww.w3.org%2F2000%2Fsvg&#39;%20viewBox%3D&#39;0%200%201200%201600&#39;%2F%3E\" data-src=\"https:\/\/modougr.es\/wp-content\/uploads\/2025\/07\/Maiia.jpg\" data-srcset=\"https:\/\/modougr.es\/wp-content\/uploads\/2025\/07\/Maiia.jpg 1200w\" width=\"1200\" height=\"1600\"  title=\"Maiia\" alt=\"\" \/><\/span><\/div><div class=\"team-desc\"><div class=\"team-author\"><div class=\"team-author-name\">Mariia Godz<\/div><p>Contrato Predoctoral para Formaci\u00f3n de Doctores (Ley 14\/2011)<\/p><\/div><div class=\"team-content\"><\/div><\/div><\/div><\/div><div class=\"visible wf-cell\" data-post-id=\"3473\" data-date=\"2026-02-12T15:57:03+00:00\" data-name=\"Mar\u00eda Elena G\u00f3mez\"><div class=\"team-container visible post post-3473 dt_team type-dt_team status-publish has-post-thumbnail hentry dt_team_category-cademas dt_team_category-52\"><div class=\"team-media\"><span><img loading=\"lazy\" decoding=\"async\" class=\"preload-me iso-lazy-load\" src=\"data:image\/svg+xml,%3Csvg%20xmlns%3D&#39;http%3A%2F%2Fwww.w3.org%2F2000%2Fsvg&#39;%20viewBox%3D&#39;0%200%201024%201024&#39;%2F%3E\" data-src=\"https:\/\/modougr.es\/wp-content\/uploads\/2026\/02\/Neutro.png\" data-srcset=\"https:\/\/modougr.es\/wp-content\/uploads\/2026\/02\/Neutro.png 1024w\" width=\"1024\" height=\"1024\"  title=\"Neutro\" alt=\"\" \/><\/span><\/div><div class=\"team-desc\"><div class=\"team-author\"><div class=\"team-author-name\">Mar\u00eda Elena G\u00f3mez<\/div><p>Profesora Titular de Universidad<\/p><\/div><div class=\"team-content\"><\/div><\/div><\/div><\/div><div class=\"visible wf-cell\" data-post-id=\"3475\" data-date=\"2026-02-12T16:05:10+00:00\" data-name=\"Elena Guembe\"><div class=\"team-container visible post post-3475 dt_team type-dt_team status-publish has-post-thumbnail hentry dt_team_category-cademas dt_team_category-52\"><div class=\"team-media\"><span><img loading=\"lazy\" decoding=\"async\" class=\"preload-me iso-lazy-load\" src=\"data:image\/svg+xml,%3Csvg%20xmlns%3D&#39;http%3A%2F%2Fwww.w3.org%2F2000%2Fsvg&#39;%20viewBox%3D&#39;0%200%201024%201024&#39;%2F%3E\" data-src=\"https:\/\/modougr.es\/wp-content\/uploads\/2026\/02\/Neutro.png\" data-srcset=\"https:\/\/modougr.es\/wp-content\/uploads\/2026\/02\/Neutro.png 1024w\" width=\"1024\" height=\"1024\"  title=\"Neutro\" alt=\"\" \/><\/span><\/div><div class=\"team-desc\"><div class=\"team-author\"><div class=\"team-author-name\">Elena Guembe<\/div><\/div><div class=\"team-content\"><\/div><\/div><\/div><\/div><div class=\"visible wf-cell\" data-post-id=\"499\" data-date=\"2014-03-18T12:07:02+00:00\" data-name=\"David Pelta\"><div class=\"team-container visible post post-499 dt_team type-dt_team status-publish has-post-thumbnail hentry dt_team_category-cademas dt_team_category-equipo dt_team_category-52 dt_team_category-23\"><div class=\"team-media\"><span><img loading=\"lazy\" decoding=\"async\" class=\"preload-me iso-lazy-load\" src=\"data:image\/svg+xml,%3Csvg%20xmlns%3D&#39;http%3A%2F%2Fwww.w3.org%2F2000%2Fsvg&#39;%20viewBox%3D&#39;0%200%20312%20379&#39;%2F%3E\" data-src=\"https:\/\/modougr.es\/wp-content\/uploads\/2014\/03\/yoMismo.jpg\" data-srcset=\"https:\/\/modougr.es\/wp-content\/uploads\/2014\/03\/yoMismo.jpg 312w\" width=\"312\" height=\"379\"  title=\"yoMismo\" alt=\"\" \/><\/span><\/div><div class=\"team-desc\"><div class=\"team-author\"><div class=\"team-author-name\">David Pelta<\/div><p>Catedr\u00e1tico de Universidad<\/p><\/div><div class=\"team-content\"><p>Investigador Principal<\/p>\n<\/div><\/div><\/div><\/div><div class=\"visible wf-cell\" data-post-id=\"2336\" data-date=\"2021-10-09T13:32:49+00:00\" data-name=\"Pavel Novoa Hern\u00e1ndez\"><div class=\"team-container visible post post-2336 dt_team type-dt_team status-publish has-post-thumbnail hentry dt_team_category-cademas dt_team_category-equipo dt_team_category-52 dt_team_category-23\"><div class=\"team-media\"><span><img loading=\"lazy\" decoding=\"async\" class=\"preload-me iso-lazy-load\" src=\"data:image\/svg+xml,%3Csvg%20xmlns%3D&#39;http%3A%2F%2Fwww.w3.org%2F2000%2Fsvg&#39;%20viewBox%3D&#39;0%200%20256%20256&#39;%2F%3E\" data-src=\"https:\/\/modougr.es\/wp-content\/uploads\/2021\/10\/Pavel.jpg\" data-srcset=\"https:\/\/modougr.es\/wp-content\/uploads\/2021\/10\/Pavel.jpg 256w\" width=\"256\" height=\"256\"  title=\"Pavel\" alt=\"\" \/><\/span><\/div><div class=\"team-desc\"><div class=\"team-author\"><div class=\"team-author-name\">Pavel Novoa Hern\u00e1ndez<\/div><p>Profesor Ayudante Doctor<\/p><\/div><div class=\"team-content\"><\/div><\/div><\/div><\/div><div class=\"visible wf-cell\" data-post-id=\"497\" data-date=\"2014-03-19T12:03:53+00:00\" data-name=\"Jos\u00e9 Luis Verdegay\"><div class=\"team-container visible post post-497 dt_team type-dt_team status-publish has-post-thumbnail hentry dt_team_category-cademas dt_team_category-equipo dt_team_category-52 dt_team_category-23\"><div class=\"team-media\"><span><img loading=\"lazy\" decoding=\"async\" class=\"preload-me iso-lazy-load\" src=\"data:image\/svg+xml,%3Csvg%20xmlns%3D&#39;http%3A%2F%2Fwww.w3.org%2F2000%2Fsvg&#39;%20viewBox%3D&#39;0%200%201250%201562&#39;%2F%3E\" data-src=\"https:\/\/modougr.es\/wp-content\/uploads\/2014\/03\/JLVerdegay_4.jpg\" data-srcset=\"https:\/\/modougr.es\/wp-content\/uploads\/2014\/03\/JLVerdegay_4.jpg 1250w\" width=\"1250\" height=\"1562\"  title=\"JLVerdegay_4\" alt=\"\" \/><\/span><\/div><div class=\"team-desc\"><div class=\"team-author\"><div class=\"team-author-name\">Jos\u00e9 Luis Verdegay<\/div><p>Catedr\u00e1tico de Universidad<\/p><\/div><div class=\"team-content\"><\/div><\/div><\/div><\/div><div class=\"visible wf-cell\" data-post-id=\"500\" data-date=\"2014-03-19T12:09:35+00:00\" data-name=\"Carlos Cruz\"><div class=\"team-container visible post post-500 dt_team type-dt_team status-publish has-post-thumbnail hentry dt_team_category-cademas dt_team_category-equipo dt_team_category-52 dt_team_category-23\"><div class=\"team-media\"><span><img loading=\"lazy\" decoding=\"async\" class=\"preload-me iso-lazy-load\" src=\"data:image\/svg+xml,%3Csvg%20xmlns%3D&#39;http%3A%2F%2Fwww.w3.org%2F2000%2Fsvg&#39;%20viewBox%3D&#39;0%200%20766%20916&#39;%2F%3E\" data-src=\"https:\/\/modougr.es\/wp-content\/uploads\/2014\/03\/CarlosCruz.jpeg\" data-srcset=\"https:\/\/modougr.es\/wp-content\/uploads\/2014\/03\/CarlosCruz.jpeg 766w\" width=\"766\" height=\"916\"  title=\"CarlosCruz\" alt=\"\" \/><\/span><\/div><div class=\"team-desc\"><div class=\"team-author\"><div class=\"team-author-name\">Carlos Cruz<\/div><p>Profesor Titular de Universidad<\/p><\/div><div class=\"team-content\"><\/div><\/div><\/div><\/div><div class=\"visible wf-cell\" data-post-id=\"3476\" data-date=\"2026-02-12T16:05:37+00:00\" data-name=\"Alberto Beltr\u00e1n\"><div class=\"team-container visible post post-3476 dt_team type-dt_team status-publish has-post-thumbnail hentry dt_team_category-cademas dt_team_category-52\"><div class=\"team-media\"><span><img loading=\"lazy\" decoding=\"async\" class=\"preload-me iso-lazy-load\" src=\"data:image\/svg+xml,%3Csvg%20xmlns%3D&#39;http%3A%2F%2Fwww.w3.org%2F2000%2Fsvg&#39;%20viewBox%3D&#39;0%200%201024%201024&#39;%2F%3E\" data-src=\"https:\/\/modougr.es\/wp-content\/uploads\/2026\/02\/Neutro.png\" data-srcset=\"https:\/\/modougr.es\/wp-content\/uploads\/2026\/02\/Neutro.png 1024w\" width=\"1024\" height=\"1024\"  title=\"Neutro\" alt=\"\" \/><\/span><\/div><div class=\"team-desc\"><div class=\"team-author\"><div class=\"team-author-name\">Alberto Beltr\u00e1n<\/div><\/div><div class=\"team-content\"><\/div><\/div><\/div><\/div><div class=\"visible wf-cell\" data-post-id=\"3470\" data-date=\"2026-02-12T15:50:44+00:00\" data-name=\"Andr\u00e9s Navarro\"><div class=\"team-container visible post post-3470 dt_team type-dt_team status-publish has-post-thumbnail hentry dt_team_category-cademas dt_team_category-52\"><div class=\"team-media\"><span><img loading=\"lazy\" decoding=\"async\" class=\"preload-me iso-lazy-load\" src=\"data:image\/svg+xml,%3Csvg%20xmlns%3D&#39;http%3A%2F%2Fwww.w3.org%2F2000%2Fsvg&#39;%20viewBox%3D&#39;0%200%20129%20165&#39;%2F%3E\" data-src=\"https:\/\/modougr.es\/wp-content\/uploads\/2026\/02\/Andres.png\" data-srcset=\"https:\/\/modougr.es\/wp-content\/uploads\/2026\/02\/Andres.png 129w\" width=\"129\" height=\"165\"  title=\"Andres\" alt=\"\" \/><\/span><\/div><div class=\"team-desc\"><div class=\"team-author\"><div class=\"team-author-name\">Andr\u00e9s Navarro<\/div><p>Catedr\u00e1tico de Universidad<\/p><\/div><div class=\"team-content\"><\/div><\/div><\/div><\/div><\/div><!-- iso-container|iso-grid --><\/div>[\/vc_accordion_tab][vc_accordion_tab title=\u00bbPublicaciones\u00bb][vc_raw_js el_id=\u00bbBIBLIOGRAFIA\u00bb]JTNDc2NyaXB0JTIwc3JjJTNEJTIyaHR0cHMlM0ElMkYlMkZiaWJiYXNlLm9yZyUyRnNob3clM0ZiaWIlM0RodHRwcyUyNTNBJTI1MkYlMjUyRmRyaXZlLmdvb2dsZS5jb20lMjUyRnVjJTI1M0ZleHBvcnQlMjUzRGRvd25sb2FkJTI1MjZpZCUyNTNEMVJkMWhNTjlRWVBjb3pscEFEbGo0STdhem1UQ0d1TUxhJTI2Y29tbWFzJTNEdHJ1ZSUyNm5vQm9vdHN0cmFwJTNEMSUyNmpzb25wJTNEMSUyMiUzRSUzQyUyRnNjcmlwdCUzRSUwQQ==[\/vc_raw_js][\/vc_accordion_tab][\/vc_accordion][\/vc_column][\/vc_row][vc_row][vc_column css=\u00bb.vc_custom_1771357459489{margin-top: 100px !important;}\u00bb][\/vc_column][\/vc_row][vc_row][vc_column][vc_column_text][\/vc_column_text][\/vc_column][\/vc_row]<\/p>\n","protected":false},"excerpt":{"rendered":"<p>[vc_row][vc_column][\/vc_column][\/vc_row][vc_row][vc_column width=\u00bb1\/4&#8243;][\/vc_column][vc_column width=\u00bb3\/4&#8243; css=\u00bb.vc_custom_1759854851882{margin-top: 50px !important;}\u00bb][\/vc_column][\/vc_row][vc_row][vc_column][vc_accordion active_tab=\u00bb1&#8243; collapsible=\u00bbyes\u00bb title_size=\u00bbh3&#8243; style=\u00bb3&#8243;][vc_accordion_tab title=\u00bbObjetivo\u00bb][vc_column_text css=\u00bb.vc_custom_1770912787111{margin-top: 1px !important;margin-bottom: 20px !important;}\u00bb]Estudiar y proponer modelos operativos de sistemas automatizados de decisi\u00f3n cooperativos (CADM) que permitan potenciar la toma de decisiones al estar basadas en m\u00faltiples criterios y datos que no est\u00e1n simult\u00e1neamente disponibles en los ADMs individuales. En primer lugar, se&hellip;<\/p>\n","protected":false},"author":1,"featured_media":0,"parent":0,"menu_order":0,"comment_status":"closed","ping_status":"closed","template":"","meta":[],"class_list":["post-3432","page","type-page","status-publish","hentry","description-off"],"_links":{"self":[{"href":"https:\/\/modougr.es\/index.php\/wp-json\/wp\/v2\/pages\/3432","targetHints":{"allow":["GET"]}}],"collection":[{"href":"https:\/\/modougr.es\/index.php\/wp-json\/wp\/v2\/pages"}],"about":[{"href":"https:\/\/modougr.es\/index.php\/wp-json\/wp\/v2\/types\/page"}],"author":[{"embeddable":true,"href":"https:\/\/modougr.es\/index.php\/wp-json\/wp\/v2\/users\/1"}],"replies":[{"embeddable":true,"href":"https:\/\/modougr.es\/index.php\/wp-json\/wp\/v2\/comments?post=3432"}],"version-history":[{"count":60,"href":"https:\/\/modougr.es\/index.php\/wp-json\/wp\/v2\/pages\/3432\/revisions"}],"predecessor-version":[{"id":3517,"href":"https:\/\/modougr.es\/index.php\/wp-json\/wp\/v2\/pages\/3432\/revisions\/3517"}],"wp:attachment":[{"href":"https:\/\/modougr.es\/index.php\/wp-json\/wp\/v2\/media?parent=3432"}],"curies":[{"name":"wp","href":"https:\/\/api.w.org\/{rel}","templated":true}]}}