{"id":3325,"date":"2025-03-20T07:13:27","date_gmt":"2025-03-20T07:13:27","guid":{"rendered":"https:\/\/modougr.es\/?page_id=3325"},"modified":"2025-04-30T10:38:05","modified_gmt":"2025-04-30T10:38:05","slug":"proyecto-comas","status":"publish","type":"page","link":"https:\/\/modougr.es\/index.php\/proyecto-comas\/","title":{"rendered":"Proyecto COMAS"},"content":{"rendered":"<p>[vc_row][vc_column width=\u00bb1\/4&#8243;]<style type=\"text\/css\" data-type=\"the7_shortcodes-inline-css\">.shortcode-single-image-wrap.shortcode-single-image-8109445121e1b8d9c9656e4a46e0c72e.enable-bg-rollover .rollover i,\n.shortcode-single-image-wrap.shortcode-single-image-8109445121e1b8d9c9656e4a46e0c72e.enable-bg-rollover .rollover-video i {\n  background: -webkit-linear-gradient();\n  background: linear-gradient();\n}\n.shortcode-single-image-wrap.shortcode-single-image-8109445121e1b8d9c9656e4a46e0c72e .rollover-icon {\n  font-size: 32px;\n  color: #ffffff;\n  min-width: 44px;\n  min-height: 44px;\n  line-height: 44px;\n  border-radius: 100px;\n  border-style: solid;\n  border-width: 0px;\n}\n.dt-icon-bg-on.shortcode-single-image-wrap.shortcode-single-image-8109445121e1b8d9c9656e4a46e0c72e .rollover-icon {\n  background: rgba(255,255,255,0.3);\n  box-shadow: none;\n}\n<\/style><div class=\"shortcode-single-image-wrap shortcode-single-image-8109445121e1b8d9c9656e4a46e0c72e alignleft  enable-bg-rollover dt-icon-bg-off\" style=\"margin-top:0px; margin-bottom:0px; margin-left:0px; margin-right:0px; width:300px;\"><div class=\"shortcode-single-image\"><div class=\"fancy-media-wrap  layzr-bg\" style=\"border-radius:10px;\"><img loading=\"lazy\" decoding=\"async\" class=\"preload-me lazy-load\" src=\"data:image\/svg+xml,%3Csvg%20xmlns%3D&#39;http%3A%2F%2Fwww.w3.org%2F2000%2Fsvg&#39;%20viewBox%3D&#39;0%200%20227%20201&#39;%2F%3E\" data-src=\"https:\/\/modougr.es\/wp-content\/uploads\/2021\/11\/Comas.jpg\" data-srcset=\"https:\/\/modougr.es\/wp-content\/uploads\/2021\/11\/Comas.jpg 227w\" width=\"227\" height=\"201\"  data-dt-location=\"https:\/\/modougr.es\/comas\/\" style=\"border-radius:10px;\" alt=\"\" \/><\/div><\/div><\/div>[\/vc_column][vc_column width=\u00bb3\/4&#8243;]<div class=\"dt-fancy-separator h3-size style-disabled\" style=\"width: 100%;\"><div class=\"dt-fancy-title\"><span class=\"separator-holder separator-left\"><\/span>Modelizaci\u00f3n y An\u00e1lisis de Contextos para el Dise\u00f1o de Sistemas Automatizados de Decisi\u00f3n en Turismo y Movilidad. PID2020-112754GB-I00, MCIN\/AEI\/10.13039\/501100011033<span class=\"separator-holder separator-right\"><\/span><\/div><\/div>[\/vc_column][\/vc_row][vc_row css=\u00bb.vc_custom_1744279999548{margin-top: 50px !important;}\u00bb][vc_column][vc_tta_accordion style=\u00bbmodern\u00bb color=\u00bbpink\u00bb spacing=\u00bb20&#8243; gap=\u00bb20&#8243; c_icon=\u00bbchevron\u00bb active_section=\u00bb\u00bb no_fill=\u00bbtrue\u00bb collapsible_all=\u00bbtrue\u00bb][vc_tta_section title=\u00bbSoftware desarrollado\u00bb tab_id=\u00bb1744279858504-f50c8238-9c40&#8243;][vc_btn title=\u00bbAlgoritmos para el Dise\u00f1o de Rutas Tur\u00edsticas\u00bb color=\u00bbmulled-wine\u00bb align=\u00bbleft\u00bb link=\u00bburl:http%3A%2F%2F18.156.111.23%3A8000%2F\u00bb][vc_btn title=\u00bbWIBApp! A software tool for a weightless, interval-based approach multicriteria decision making method\u00bb color=\u00bbmulled-wine\u00bb align=\u00bbleft\u00bb link=\u00bburl:https%3A%2F%2Fmodougr.shinyapps.io%2FWIBApp%2F\u00bb css=\u00bb.vc_custom_1745919347475{margin-top: 20px !important;}\u00bb][vc_btn title=\u00bbEvalContext: a Shinny application for modeling decision and optimization problem contexts\u00bb color=\u00bbmulled-wine\u00bb align=\u00bbleft\u00bb link=\u00bburl:https%3A%2F%2Fmodougr.shinyapps.io%2FEvalContext%2F\u00bb css=\u00bb.vc_custom_1745919366136{margin-top: 20px !important;}\u00bb][\/vc_tta_section][vc_tta_section title=\u00bbPublicaciones\u00bb tab_id=\u00bb1744279858517-8da3cc12-93c7&#8243;]<div class=\"standard-arrow list-divider bullet-top\"><ul>\n<li>Pe\u00f1a-Asensio E, Neira-Acosta \u00c1-S and S\u00e1nchez-Lozano JM (2025), \u00abEvaluating potential landing sites for the Artemis III mission using a multi-criteria decision making approach\u00bb, Acta Astronautica., January, 2025.\u00a0 Vol. 226, pp. 469-478. Elsevier BV. <a href=\"https:\/\/doi.org\/10.1016\/j.actaastro.2024.10.049\">[DOI]<\/a><\/li>\n<li>S\u00e1nchez-Lozano JM, Pe\u00f1a-Asensio E, Bickel VT and Kring DA (2025), \u00abPrioritizing astronaut traverses on the Moon: A multi-criteria decision-making approach\u00bb, Acta Astronautica., April, 2025.\u00a0 Vol. 229, pp. 77-89. Elsevier BV.\u00a0<a href=\"https:\/\/doi.org\/10.1016\/j.actaastro.2025.01.026\">[DOI]<\/a><\/li>\n<li>Jardim LCS, Knupp DC, Pelta DA, Corona CC, Llanes-Santiago O and Neto AJS (2024), \u00abFuzzy Levenberg-Marquardt damping factor update strategy and Tikhonov regularization applied to a coupled conduction-radiation inverse heat transfer problem\u00bb, High Temperatures-High Pressures.\u00a0 Vol. 53(1\u20132), pp. 53-74. Old City Publishing, Inc. [<a href=\"https:\/\/doi.org\/10.32908\/hthp.v53.jsf04\">DOI<\/a>]<\/li>\n<li>Navarro-Galera A, Lara-Rubio J, Novoa-Hern\u00e1ndez P and Cruz Corona CA (2024), \u00abUsing Decision Trees to Predict Insolvency in Spanish SMEs: Is Early Warning Possible?\u00bb, Computational Economics., March, 2024.\u00a0 Vol. 65(1), pp. 91-116. Springer Science and Business Media LLC.\u00a0[<a href=\"https:\/\/doi.org\/10.1007\/s10614-024-10586-5\">DOI<\/a>]<\/li>\n<li>Novoa-Hern\u00e1ndez P, Corona Cruz C and Pelta DA (2024), \u00abA Surrogate Assisted Approach for Fitness Computation in Robust Optimization over Time\u00bb, In Lecture Notes in Computer Science. , pp. 101-110. Springer Nature Switzerland. [<a href=\"https:\/\/doi.org\/10.1007\/978-3-031-62799-6_11\">DOI<\/a>]<\/li>\n<li>Novoa-Hern\u00e1ndez P, Pelta DA and Verdegay JL (2024), \u00abOn the Impact of Weighting Schemes on Alternatives\u2019 Evaluation\u00bb, In Information Processing and Management of Uncertainty in Knowledge-Based Systems. , pp. 333-342. Springer Nature Switzerland. [<a href=\"https:\/\/doi.org\/10.1007\/978-3-031-74003-9_27\">DOI<\/a>]<\/li>\n<li>Pelta DA, Novoa-Hern\u00e1ndez P and Verdegay JL (2024), \u00abFuSDG: A Proposal for a Fuzzy Assessment of Sustainable Development Goals Achievement\u00bb, In Lecture Notes in Computer Science. , pp. 91-100. Springer Nature Switzerland. [<a href=\"https:\/\/doi.org\/10.1007\/978-3-031-62799-6_10\">DOI<\/a>]<\/li>\n<li>Pe\u00f1a-Asensio E and S\u00e1nchez-Lozano JM (2024), \u00abStatistical equivalence of metrics for meteor dynamical association\u00bb, Advances in Space Research., July, 2024.\u00a0 Vol. 74(2), pp. 1073-1089. Elsevier BV. <a href=\"https:\/\/doi.org\/10.1016\/j.asr.2024.05.005\">DOI<\/a>]<\/li>\n<li>P\u00e9rez-Ca\u00f1edo B, Novoa-Hern\u00e1ndez P, Porras C, Pelta DA and Verdegay JL (2024), \u00abContextual analysis of solutions in a tourist trip design problem: A fuzzy logic-based approach\u00bb, Applied Soft Computing., March, 2024.\u00a0 Vol. 154, pp. 111351. Elsevier BV. [<a href=\"https:\/\/doi.org\/10.1016\/j.asoc.2024.111351\">DOI<\/a>]<\/li>\n<li>S\u00e1nchez-Lozano J, Pe\u00f1a-Asensio E and Socas-Navarro H (2024), \u00abDeciding Technosignature Search Strategies: Multi-Criteria Fuzzy Logic to Find Extraterrestrial Intelligence\u00bb, Aerospace., January, 2024.\u00a0 Vol. 11(1), pp. 88. MDPI AG. [<a href=\"https:\/\/doi.org\/10.3390\/aerospace11010088\">DOI<\/a>]<\/li>\n<li>Carvalho GFMG, Corr\u00eaa DF, Pelta DA, Knupp DC and Neto AJS (2023), \u00abEfficient Simulation of Pollutant Dispersion Using Machine Learning\u00bb, In Hybrid Artificial Intelligent Systems. Cham , pp. 372-383. Springer Nature Switzerland. [<a href=\"https:\/\/doi.org\/10.1007\/978-3-031-40725-3_32\">DOI<\/a>]<\/li>\n<li>Castillo A, Ortiz-Servin JJ, Novoa P and Pelta DA (2023), \u00abA methodology for the analysis of In-Core fuel management configurations in BWR&#8217;s\u00bb, Nuclear Engineering and Design., dec, 2023.\u00a0 Vol. 414, pp. 112529. Elsevier BV. [<a href=\"https:\/\/doi.org\/10.1016\/j.nucengdes.2023.112529\">DOI<\/a>]<\/li>\n<li>Corr\u00eaa DF, Carvalho GF, Pelta DA, Toledo CFM and Neto AJS (2023), \u00abOn the Prediction of Anomalous Contaminant Diffusion\u00bb, In 18th International Conference on Soft Computing Models in Industrial and Environmental Applications (SOCO 2023). , pp. 290-299. Springer Nature Switzerland. [<a href=\"https:\/\/doi.org\/10.1007\/978-3-031-42536-3_28\">DOI<\/a>]<\/li>\n<li>Hengeveld SB, Plastria F, Mucherino A and Pelta DA (2023), \u00abA Linear Program for Points of Interest Relocation in Adaptive Maps\u00bb, In Proceedings of the GSI&#8217;23 Geometric Science of Information. Lecture Notes in Computer Science. , pp. 551-559. Springer Nature Switzerland. [<a href=\"https:\/\/doi.org\/10.1007\/978-3-031-38299-4_57\">DOI<\/a>]<\/li>\n<li>Navarro-Galera A, Lara-Rubio J, Novoa-Hern\u00e1ndez P and Corona CC (2023), \u00abA decision tree approach for predicting insolvency of SMES: an empirical research in Spain\u00bb, In Proceedings of the XXII Congress of the Association for Fuzzy-Set Management and Economy (SIGEF).<\/li>\n<li>Novoa-Hern\u00e1ndez P, P\u00e9rez-Ca\u00f1edo B, Pelta DA and Verdegay JL (2023), \u00abTowards Imprecise Scores in Multi-criteria Decision Making with Ranked Weights\u00bb, In Fuzzy Logic and Technology, and Aggregation Operators. , pp. 197-207. Springer Nature Switzerland.\u00a0[<a href=\"https:\/\/doi.org\/10.1007\/978-3-031-39965-7_17\">DOI<\/a>]<\/li>\n<li>Novoa-Hern\u00e1ndez P, Puris A and Pelta DA (2023), \u00abRobust Optimization over Time Problems\u2014Characterization and Literature Review\u00bb, Electronics., November, 2023.\u00a0 Vol. 12(22), pp. 4609. MDPI AG.\u00a0[<a href=\"https:\/\/doi.org\/10.3390\/electronics12224609\">DOI<\/a>]<\/li>\n<li>P\u00e9rez-Ca\u00f1edo B, Novoa-Hern\u00e1ndez P, Pelta DA and Verdegay JL (2023), \u00abExact and Heuristic Lexicographic Methods for the Fuzzy Traveling Salesman Problem\u00bb, In Hybrid Artificial Intelligent Systems. HAIS 2023. Lecture Notes in Computer Science. , pp. 445-456. Springer Nature Switzerland.\u00a0[<a href=\"https:\/\/doi.org\/10.1007\/978-3-031-40725-3_38\">DOI<\/a>]<\/li>\n<li>P\u00e9rez-Ca\u00f1edo B, Porras C, Pelta DA and Verdegay JL (2023), \u00abModeling Contexts as Fuzzy Propositions in Optimization Problems\u00bb, IEEE Transactions on Fuzzy Systems., may, 2023.\u00a0 Vol. 31(5), pp. 1474-1483. Institute of Electrical and Electronics Engineers (IEEE).\u00a0[<a href=\"https:\/\/doi.org\/10.1109\/tfuzz.2022.3203786\">DOI<\/a>]<\/li>\n<li>P\u00e9rez-Ca\u00f1edo B and Verdegay JL (2023), \u00abOn the Application of a Lexicographic Method to Fuzzy Linear Programming Problems\u00bb, Journal of Computational and Cognitive Engineering.\u00a0 Vol. 2(1)<\/li>\n<li>P\u00e9rez-Ca\u00f1edo B, Verdegay JL and Concepci\u00f3n-Morales ER (2023), \u00abAn e-Constraint Method for Multiobjective Linear Programming in Intuitionistic Fuzzy Environment\u00bb, International Journal of Intelligent Systems., apr, 2023.\u00a0 Vol. 2023, pp. 1-14. Hindawi Limited.\u00a0[<a href=\"https:\/\/doi.org\/10.1155\/2023\/9677396\">DOI<\/a>]<\/li>\n<li>S\u00e1nchez Lozano JM and Castellanos Guerrero J (2023), \u00abEvaluaci\u00f3n de aeronaves multi-rol para misiones de transporte del Ej\u00e9rcito del Aire Espa\u00f1ol. Un problema de decisi\u00f3n multi-criterio difuso.\u00bb, In Proceedings from the International Congress on Project Management and Engineering.\u00a0 Asociaci\u00f3n Espa\u00f1ola de Direcci\u00f3n e Ingenier\u00eda de Proyectos (AEIPRO).\u00a0[<a href=\"https:\/\/doi.org\/10.61547\/3410\">DOI<\/a>]<\/li>\n<li>Uceda RG, Cruz CM, Miguez-Lago S, Alvarez de Cienfuegos L, Longhi G, Pelta DA, Novoa P, Mota AJ, Cuerva JM and Miguel D (2023), \u00abCan Magnetic Dipole Transition Moment Be Engineered?\u00bb, Angewandte Chemie International Edition., December, 2023.\u00a0 Wiley.\u00a0[<a href=\"https:\/\/doi.org\/10.1002\/anie.202316696\">DOI<\/a>]<\/li>\n<li>Cables EH, Moreno F, Lamata MT and G\u00f3mez F (2022), \u00abQuantification of the Risk of ASF Appearance Using OWA Operators\u00bb, In Computational Intelligence Methodologies Applied to Sustainable Development Goals. , pp. 81-96. Springer International Publishing.\u00a0[<a href=\"https:\/\/doi.org\/10.1007\/978-3-030-97344-5_6\">DOI<\/a>]<\/li>\n<li>Cabrera-Cuevas MJ, Pelta DA, Parrilla JAC, Resa JDR, Cortes P, Prieto JV, de la Rosa FE, Galdeano JLV, Morales MJF-F, Nicuesa AEV, Soriano LM and Zeleznikow J (2022), \u00abJusticia Digital: Gu\u00eda para el di\u00e1logo sobre el dise\u00f1o y uso eficiente, de calidad y \u00e9tico de herramientas tecnol\u00f3gicas en la justicia civil\u00bb\u00a0 Fundaci\u00f3n COTEC.\u00a0[<a href=\"https:\/\/cotec.es\/proyecto\/guia-para-la-justicia-digital\/182601b7-86e5-af12-eca0-00de51e7a833\">URL<\/a>]<\/li>\n<li>Ghosh S, Roy SK and Verdegay JL (2022), \u00abFixed-charge solid transportation problem with budget constraints based on carbon emission in neutrosophic environment\u00bb, Soft Computing., sep, 2022.\u00a0 Springer Science and Business Media LLC.\u00a0[<a href=\"https:\/\/doi.org\/10.1007\/s00500-022-07442-9\">DOI<\/a>]<\/li>\n<li>Goli A, Golmohammadi A-M and Verdegay J-L (2022), \u00abTwo-echelon electric vehicle routing problem with a developed moth-flame meta-heuristic algorithm\u00bb, Operations Management Research., jul, 2022.\u00a0 Vol. 15(3-4), pp. 891-912. Springer Science and Business Media LLC.\u00a0[<a href=\"https:\/\/doi.org\/10.1007\/s12063-022-00298-0\">DOI<\/a>]<\/li>\n<li>Hanane El Raoui MC and Pelta DA (2022), \u00abEl uso de Metaheur\u00edsticas como Generadoras de Soluciones\u00bb, In Actas del XXI Congreso de Tecnolog\u00edas y L\u00f3gica Fuzzy (ESTYLF\u201922).<\/li>\n<li>Jardim LC, Knupp DC, Domingos RP, Abreu LA, Corona CC and Neto AJS (2022), \u00abContact Failure Identification in Multilayered Media via Artificial Neural Networks and Autoencoders\u00bb, Anais da Academia Brasileira de Ci\u00eancias.\u00a0 Vol. 94(suppl 3) FapUNIFESP (SciELO).\u00a0[<a href=\"https:\/\/doi.org\/10.1590\/0001-3765202220211577\">DOI<\/a>]<\/li>\n<li>Maldonado-Salguero P, Bueso-S\u00e1nchez MC, Molina-Garc\u00eda and S\u00e1nchez-Lozano JM (2022), \u00abSpatio-temporal dynamic clustering modeling for solar irradiance resource assessment\u00bb, Renewable Energy., nov, 2022.\u00a0 Vol. 200, pp. 344-359. Elsevier BV. [<a href=\"https:\/\/doi.org\/10.1016\/j.renene.2022.09.113\">DOI<\/a>]<\/li>\n<li>Pelta DA, Lamata MT, Verdegay JL and Cruz C (2022), \u00abSobre la exactitud de los datos imprecisos. El caso de los problemas de decisi\u00f3n multicriterio\u00bb, In Actas del XXI Congreso de Tecnolog\u00edas y L\u00f3gica Fuzzy (ESTYLF\u201922).<\/li>\n<li>P\u00e9rez-Ca\u00f1edo B, Verdegay JL, Rosete A and Concepci\u00f3n-Morales ER (2022), \u00abA multi-objective berth allocation problem in fuzzy environment\u00bb, Neurocomputing., aug, 2022.\u00a0 Vol. 500, pp. 341-350. Elsevier BV.\u00a0[<a href=\"https:\/\/doi.org\/10.1016\/j.neucom.2021.08.161\">DOI<\/a>]<\/li>\n<li>Porras C, P\u00e9rez-Ca\u00f1edo B, Pelta DA and Verdegay JL (2022), \u00abA Critical Analysis of a Tourist Trip Design Problem with Time-Dependent Recommendation Factors and Waiting Times\u00bb, Electronics., jan, 2022.\u00a0 Vol. 11(3), pp. 357. MDPI AG.\u00a0[<a href=\"https:\/\/doi.org\/10.3390\/electronics11030357\">DOI<\/a>]<\/li>\n<li>Ramos AR, de L\u00e1zaro JMB, Cruz-Corona C, Neto AJDS and Llanes-Santiago O (2022), \u00abAn approach to robust condition monitoring in industrial processes using pythagorean membership grades\u00bb, Anais da Academia Brasileira de Ci\u00eancias.\u00a0 Vol. 94(4) FapUNIFESP (SciELO).\u00a0[<a href=\"https:\/\/doi.org\/10.1590\/0001-3765202220200662\">DOI<\/a>]<\/li>\n<li>Raoui HE, Pelta DA and Cabrera M (2022), \u00abMetaheuristics as solutions producers\u00bb, In The 19th International Conference on Information Processing and Management of Uncertaintyin Knowledge-Based Systems &#8211; Book of Abstracts.\u00a0[<a href=\"https:\/\/ipmu2022.disco.unimib.it\/wp-content\/uploads\/sites\/86\/2022\/07\/IPMU22-book-of-abstract.pdf#page=20\">URL<\/a>]<\/li>\n<li>Raoui HE, Pelta DA, Rufi\u00e1n-Lizana A, Oudani M and Alaoui AEH (2022), \u00abOn the Generation of Alternative Solutions for a Perishable Food Distribution Problem\u00bb, In Computational Intelligence Methodologies Applied to Sustainable Development Goals. , pp. 255-273. Springer International Publishing.\u00a0[<a href=\"https:\/\/doi.org\/10.1007\/978-3-030-97344-5_17\">DOI<\/a>]<\/li>\n<li>Romero L, P\u00e9rez-Canedo B and Verdegay JL (2022), \u00abLexicographic Method for Fuzzy Multi-objective Linear Programming\u00bb, In The 19th International Conference on Information Processing and Management of Uncertaintyin Knowledge-Based Systems &#8211; Book of Abstracts.\u00a0[<a href=\"https:\/\/ipmu2022.disco.unimib.it\/wp-content\/uploads\/sites\/86\/2022\/07\/IPMU22-book-of-abstract.pdf#page=45\">URL<\/a>]<\/li>\n<li>S\u00e1nchez-Lozano J, Correa-Rubio J and Fern\u00e1ndez-Mart\u00ednez M (2022), \u00abA double fuzzy multi-criteria analysis to evaluate international high-performance aircrafts for defense purposes\u00bb, Engineering Applications of Artificial Intelligence., oct, 2022.\u00a0 Vol. 115, pp. 105339. Elsevier BV. [<a href=\"https:\/\/doi.org\/10.1016\/j.engappai.2022.105339\">DOI<\/a>]<\/li>\n<li>S\u00e1nchez-Lozano JM and Fern\u00e1ndez-Mart\u00ednez M (2022), \u00abUn estudio comparativo de series difusas para la evaluaci\u00f3n de t\u00e9cnicas de deflexi\u00f3n de NEAs\u00bb, In Actas del XXI Congreso de Tecnolog\u00edas y L\u00f3gica Fuzzy (ESTYLF\u201922).<\/li>\n<li>S\u00e1nchez-Lozano JM, Fern\u00e1ndez-Mart\u00ednez M, Cabrera-Cuevas M and Pelta DA (2022), \u00abIntervals and Possibility Degree Formulae for Usage Prioritization of Cartagena Coastal Military Batteries\u00bb, In Information Processing and Management of Uncertainty in Knowledge-Based Systems. , pp. 163-172. Springer International Publishing. [<a href=\"https:\/\/doi.org\/10.1007\/978-3-031-08974-9_13\">DOI<\/a>]<\/li>\n<li>S\u00e1nchez-Lozano JM, Ramos-Escudero A, Gil-Garc\u00eda IC, Garc\u00eda-Cascales MS and Molina-Garc\u00eda A (2022), \u00abA GIS-based offshore wind site selection model using fuzzy multi-criteria decision-making with application to the case of the Gulf of Maine\u00bb, Expert Systems with Applications., dec, 2022.\u00a0 Vol. 210, pp. 118371. Elsevier BV.\u00a0[<a href=\"https:\/\/doi.org\/10.1016\/j.eswa.2022.118371\">DOI<\/a>]<\/li>\n<li>S\u00e1nchez-Lozano MM and Fern\u00e1ndez-Mart\u00ednez (2022), \u00abA comparative study of fuzzy sets for the assessment of NEA deflection techniques\u00bb, In The 19th International Conference on Information Processing and Management of Uncertaintyin Knowledge-Based Systems &#8211; Book of Abstracts. [<a href=\"https:\/\/ipmu2022.disco.unimib.it\/wp-content\/uploads\/sites\/86\/2022\/07\/IPMU22-book-of-abstract.pdf#page=20\">URL<\/a>]<\/li>\n<li>da Silva Jardim LC, Knupp DC, Corona CC, Pelta DA and Neto AJS (2022), \u00abFuzzy Strategy for Updating the Levenberg-Marquardt Damping Factor\u00bb, In Actas del XXI Congreso de Tecnolog\u00edas y L\u00f3gica Fuzzy (ESTYLF\u201922).<\/li>\n<li>Jos\u00e9 Luis Verdegay and Julio Brito and Carlos Cruz (2022), \u00abComputational Intelligence Methodologies Applied to Sustainable Development Goals\u00bb\u00a0 Springer International Publishing.\u00a0[<a href=\"https:\/\/doi.org\/10.1007\/978-3-030-97344-5\">DOI<\/a>]<\/li>\n<li>Raoui HE, Cabrera-Cuevas M and Pelta DA (2021), \u00abThe Role of Metaheuristics as Solutions Generators\u00bb, Symmetry., oct, 2021.\u00a0 Vol. 13(11), pp. 2034. MDPI AG.\u00a0[<a href=\"https:\/\/doi.org\/10.3390\/sym13112034\">DOI<\/a>]<\/li>\n<\/ul>\n<\/div>[\/vc_tta_section][\/vc_tta_accordion][\/vc_column][\/vc_row][vc_row][vc_column]<style type=\"text\/css\" data-type=\"the7_shortcodes-inline-css\">.shortcode-single-image-wrap.shortcode-single-image-c3317261d93ebfc58448085954b38f6a.enable-bg-rollover .rollover i,\n.shortcode-single-image-wrap.shortcode-single-image-c3317261d93ebfc58448085954b38f6a.enable-bg-rollover .rollover-video i {\n  background: -webkit-linear-gradient();\n  background: linear-gradient();\n}\n.shortcode-single-image-wrap.shortcode-single-image-c3317261d93ebfc58448085954b38f6a .rollover-icon {\n  font-size: 32px;\n  color: #ffffff;\n  min-width: 44px;\n  min-height: 44px;\n  line-height: 44px;\n  border-radius: 100px;\n  border-style: solid;\n  border-width: 0px;\n}\n.dt-icon-bg-on.shortcode-single-image-wrap.shortcode-single-image-c3317261d93ebfc58448085954b38f6a .rollover-icon {\n  background: rgba(255,255,255,0.3);\n  box-shadow: none;\n}\n<\/style><div class=\"shortcode-single-image-wrap shortcode-single-image-c3317261d93ebfc58448085954b38f6a alignnone  enable-bg-rollover dt-icon-bg-off\" style=\"margin-top:0px; margin-bottom:0px; margin-left:0px; margin-right:0px; width:500px;\"><div class=\"shortcode-single-image\"><div class=\"fancy-media-wrap  layzr-bg\" style=\"\"><img loading=\"lazy\" decoding=\"async\" class=\"preload-me lazy-load\" src=\"data:image\/svg+xml,%3Csvg%20xmlns%3D&#39;http%3A%2F%2Fwww.w3.org%2F2000%2Fsvg&#39;%20viewBox%3D&#39;0%200%20500%20110&#39;%2F%3E\" data-src=\"https:\/\/modougr.es\/wp-content\/uploads\/2025\/03\/Logo_ministerio-500x110.jpg\" data-srcset=\"https:\/\/modougr.es\/wp-content\/uploads\/2025\/03\/Logo_ministerio-500x110.jpg 500w, https:\/\/modougr.es\/wp-content\/uploads\/2025\/03\/Logo_ministerio-1000x220.jpg 1000w\" width=\"500\" height=\"110\"  data-dt-location=\"https:\/\/modougr.es\/index.php\/proyecto-comas\/logo_ministerio\/\" style=\"\" alt=\"\" \/><\/div><\/div><\/div>[\/vc_column][\/vc_row]<\/p>\n","protected":false},"excerpt":{"rendered":"<p>[vc_row][vc_column width=\u00bb1\/4&#8243;][\/vc_column][vc_column width=\u00bb3\/4&#8243;][\/vc_column][\/vc_row][vc_row css=\u00bb.vc_custom_1744279999548{margin-top: 50px !important;}\u00bb][vc_column][vc_tta_accordion style=\u00bbmodern\u00bb color=\u00bbpink\u00bb spacing=\u00bb20&#8243; gap=\u00bb20&#8243; c_icon=\u00bbchevron\u00bb active_section=\u00bb\u00bb no_fill=\u00bbtrue\u00bb collapsible_all=\u00bbtrue\u00bb][vc_tta_section title=\u00bbSoftware desarrollado\u00bb tab_id=\u00bb1744279858504-f50c8238-9c40&#8243;][vc_btn title=\u00bbAlgoritmos para el Dise\u00f1o de Rutas Tur\u00edsticas\u00bb color=\u00bbmulled-wine\u00bb align=\u00bbleft\u00bb link=\u00bburl:http%3A%2F%2F18.156.111.23%3A8000%2F\u00bb][vc_btn title=\u00bbWIBApp! A software tool for a weightless, interval-based approach multicriteria decision making method\u00bb color=\u00bbmulled-wine\u00bb align=\u00bbleft\u00bb link=\u00bburl:https%3A%2F%2Fmodougr.shinyapps.io%2FWIBApp%2F\u00bb css=\u00bb.vc_custom_1745919347475{margin-top: 20px !important;}\u00bb][vc_btn title=\u00bbEvalContext: a Shinny application for modeling decision and optimization&hellip;<\/p>\n","protected":false},"author":1,"featured_media":0,"parent":0,"menu_order":0,"comment_status":"closed","ping_status":"closed","template":"","meta":[],"class_list":["post-3325","page","type-page","status-publish","hentry","description-off"],"_links":{"self":[{"href":"https:\/\/modougr.es\/index.php\/wp-json\/wp\/v2\/pages\/3325","targetHints":{"allow":["GET"]}}],"collection":[{"href":"https:\/\/modougr.es\/index.php\/wp-json\/wp\/v2\/pages"}],"about":[{"href":"https:\/\/modougr.es\/index.php\/wp-json\/wp\/v2\/types\/page"}],"author":[{"embeddable":true,"href":"https:\/\/modougr.es\/index.php\/wp-json\/wp\/v2\/users\/1"}],"replies":[{"embeddable":true,"href":"https:\/\/modougr.es\/index.php\/wp-json\/wp\/v2\/comments?post=3325"}],"version-history":[{"count":32,"href":"https:\/\/modougr.es\/index.php\/wp-json\/wp\/v2\/pages\/3325\/revisions"}],"predecessor-version":[{"id":3412,"href":"https:\/\/modougr.es\/index.php\/wp-json\/wp\/v2\/pages\/3325\/revisions\/3412"}],"wp:attachment":[{"href":"https:\/\/modougr.es\/index.php\/wp-json\/wp\/v2\/media?parent=3325"}],"curies":[{"name":"wp","href":"https:\/\/api.w.org\/{rel}","templated":true}]}}