{"id":3182,"date":"2024-04-01T16:16:49","date_gmt":"2024-04-01T16:16:49","guid":{"rendered":"https:\/\/modougr.es\/?page_id=3182"},"modified":"2025-04-07T17:55:32","modified_gmt":"2025-04-07T17:55:32","slug":"inteligencia-artificial-en-360o-3a-edicion","status":"publish","type":"page","link":"https:\/\/modougr.es\/index.php\/inteligencia-artificial-en-360o-3a-edicion\/","title":{"rendered":"Inteligencia Artificial en 360\u00ba (3\u00aa Ed)"},"content":{"rendered":"[vc_row content_placement=\u00bbtop\u00bb parallax_content=\u00bbparallax_content_value\u00bb css=\u00bb.vc_custom_1712660038225{padding-top: 10px !important;padding-bottom: 10px !important;border-radius: 5px !important;}\u00bb][vc_column width=\u00bb3\/4&#8243;]<style type=\"text\/css\" data-type=\"the7_shortcodes-inline-css\">.shortcode-single-image-wrap.shortcode-single-image-d65bb5b84600da5e4765ce096435ec88.enable-bg-rollover .rollover i,\n.shortcode-single-image-wrap.shortcode-single-image-d65bb5b84600da5e4765ce096435ec88.enable-bg-rollover .rollover-video i {\n  background: -webkit-linear-gradient();\n  background: linear-gradient();\n}\n.shortcode-single-image-wrap.shortcode-single-image-d65bb5b84600da5e4765ce096435ec88 .rollover-icon {\n  font-size: 32px;\n  color: #ffffff;\n  min-width: 44px;\n  min-height: 44px;\n  line-height: 44px;\n  border-radius: 100px;\n  border-style: solid;\n  border-width: 0px;\n}\n.dt-icon-bg-on.shortcode-single-image-wrap.shortcode-single-image-d65bb5b84600da5e4765ce096435ec88 .rollover-icon {\n  background: rgba(255,255,255,0.3);\n  box-shadow: none;\n}\n<\/style><div class=\"shortcode-single-image-wrap shortcode-single-image-d65bb5b84600da5e4765ce096435ec88 alignnone  enable-bg-rollover dt-icon-bg-off\" style=\"margin-top:0px; margin-bottom:0px; margin-left:0px; margin-right:0px; width:400px;\"><div class=\"shortcode-single-image\"><div class=\"fancy-media-wrap  layzr-bg\" style=\"\"><img loading=\"lazy\" decoding=\"async\" class=\"preload-me lazy-load\" src=\"data:image\/svg+xml,%3Csvg%20xmlns%3D&#39;http%3A%2F%2Fwww.w3.org%2F2000%2Fsvg&#39;%20viewBox%3D&#39;0%200%20400%20397&#39;%2F%3E\" data-src=\"https:\/\/modougr.es\/wp-content\/uploads\/2024\/04\/IA360-400x397.png\" data-srcset=\"https:\/\/modougr.es\/wp-content\/uploads\/2024\/04\/IA360-400x397.png 400w, https:\/\/modougr.es\/wp-content\/uploads\/2024\/04\/IA360.png 521w\" width=\"400\" height=\"397\"  data-dt-location=\"https:\/\/modougr.es\/index.php\/inteligencia-artificial-en-360o-3a-edicion\/ia360\/\" style=\"\" alt=\"\" \/><\/div><\/div><\/div>[\/vc_column][\/vc_row][vc_row][vc_column][vc_column_text css=\u00bb.vc_custom_1744048528807{padding-top: 30px !important;padding-bottom: 30px !important;}\u00bb]\r\n<h4>Esta actividad formativa, organizada por la Escuela Internacional de Posgrado de la Universidad de Granada , tiene como objetivo principal clarificar las cuestiones b\u00e1sicas asociadas con la Inteligencia Artificial, desterrar algunos de los mitos m\u00e1s usuales y proveer una explicaci\u00f3n clara y sencilla de las principales t\u00e9cnicas que permiten la construcci\u00f3n de sistemas basados en Inteligencia Artificial.<\/h4>\r\n<h5><strong>Organizadores: Dr. David A. Pelta, Dr. Carlos Cruz, Dr. Jos\u00e9 L. Verdegay<\/strong>\r\nGrupo de investigaci\u00f3n en en Modelos de Decisi\u00f3n y Optimizaci\u00f3n\r\nDepartamento de Ciencias de la Computaci\u00f3n e Inteligencia Artificial (UGR)<\/h5>\r\n<h5><strong>Coordinaci\u00f3n t\u00e9cnica: Prof. Marcelino Cabrera<\/strong>\r\nGrupo de investigaci\u00f3n en Modelos de Decisi\u00f3n y Optimizaci\u00f3n\r\nDepartamento de Lenguajes y Sistemas Inform\u00e1ticos (UGR).<\/h5>\r\n<h5><strong>Lugar:<\/strong> Aula 0.1, E.T.S de Ingenier\u00edas Inform\u00e1tica y de Telecomunicaci\u00f3n\r\n<strong>Sesiones:<\/strong> 9, 11, 16, 18, 23 y 25 de Abril de 2024 de 16:00 a 20:00 horas<\/h5>\r\n[\/vc_column_text][\/vc_column][\/vc_row][vc_row][vc_column][vc_column_text css=\u00bb.vc_custom_1712596191930{margin-bottom: 20px !important;}\u00bb]\r\n<h3 style=\"text-align: left;\"><strong>Programa<\/strong><\/h3>\r\n[\/vc_column_text][vc_column_text css=\u00bb.vc_custom_1743765838834{padding-top: 30px !important;padding-bottom: 30px !important;}\u00bb]\r\n<table width=\"440\">\r\n<tbody>\r\n<tr>\r\n<td width=\"51\">\r\n<h4><strong>Sesi\u00f3n<\/strong><\/h4>\r\n<\/td>\r\n<td width=\"100\">\r\n<h4><strong>Hora<\/strong><\/h4>\r\n<\/td>\r\n<td width=\"257\">\r\n<h4><strong>T\u00edtulo<\/strong><\/h4>\r\n<\/td>\r\n<td width=\"132\">\r\n<h4><strong>Ponente<\/strong><\/h4>\r\n<\/td>\r\n<\/tr>\r\n<tr bgcolor=\"#FDEDEC\">\r\n<td rowspan=\"3\" width=\"51\"><strong>Martes 09\/04<\/strong><\/td>\r\n<td width=\"100\">16:00 &#8211; 16:15<\/td>\r\n<td width=\"257\"><strong>Presentaci\u00f3n<\/strong><\/td>\r\n<td width=\"132\"><a href=\"https:\/\/wpd.ugr.es\/~dpelta\/wordpress\/\">David Pelta<\/a> &#8211; <a href=\"https:\/\/decsai.ugr.es\/informacion\/directorio-personal\/carlos-alberto-cruz-corona\">Carlos Cruz<\/a><\/td>\r\n<\/tr>\r\n<tr bgcolor=\"#FDEDEC\">\r\n<td width=\"100\">16:15 &#8211; 17:50<\/td>\r\n<td width=\"257\"><strong>Una introducci\u00f3n a la Inteligencia Artificial<\/strong><\/td>\r\n<td width=\"132\"><a href=\"https:\/\/es.wikipedia.org\/wiki\/Jos%C3%A9_Luis_Verdegay_Galdeano\">Jos\u00e9 L. Verdegay<\/a><\/td>\r\n<\/tr>\r\n<tr bgcolor=\"#FDEDEC\">\r\n<td width=\"100\">18:00 &#8211; 20:00<\/td>\r\n<td width=\"257\"><strong>\u00bfC\u00f3mo aprenden las m\u00e1quinas? Conceptos b\u00e1sicos de Aprendizaje Computacional<\/strong><\/td>\r\n<td width=\"132\"><a href=\"https:\/\/decsai.ugr.es\/informacion\/directorio-personal\/fernando-berzal-galiano\">Fernando Berzal<\/a><\/td>\r\n<\/tr>\r\n<tr>\r\n<td width=\"51\"><\/td>\r\n<td width=\"100\"><\/td>\r\n<td width=\"257\"><\/td>\r\n<td width=\"132\"><\/td>\r\n<\/tr>\r\n<tr bgcolor=\"#E9F7EF\">\r\n<td rowspan=\"2\" width=\"51\"><strong>Jueves 11\/04<\/strong><\/td>\r\n<td width=\"100\">16:00 &#8211; 17:50<\/td>\r\n<td width=\"257\"><strong>Resolviendo problemas dif\u00edciles con Inteligencia Artificial<\/strong><\/td>\r\n<td width=\"132\"><a href=\"https:\/\/wpd.ugr.es\/~dpelta\/wordpress\/\">David Pelta<\/a><\/td>\r\n<\/tr>\r\n<tr bgcolor=\"#E9F7EF\">\r\n<td width=\"100\">18:00 &#8211; 20:00<\/td>\r\n<td width=\"257\"><strong>Procesamiento de im\u00e1genes y video con Inteligencia Artificial\u00a0<\/strong><\/td>\r\n<td width=\"132\"><a href=\"https:\/\/decsai.ugr.es\/informacion\/directorio-personal\/javier-mateos-delgado\">Javier Mateos<\/a><\/td>\r\n<\/tr>\r\n<tr>\r\n<td width=\"51\"><\/td>\r\n<td width=\"100\"><\/td>\r\n<td width=\"257\"><\/td>\r\n<td width=\"132\"><\/td>\r\n<\/tr>\r\n<tr bgcolor=\"#FEF9E7\">\r\n<td rowspan=\"2\" width=\"51\"><strong>Martes 16\/04<\/strong><\/td>\r\n<td width=\"100\">16:00 &#8211; 17:50<\/td>\r\n<td width=\"257\"><strong>Aplicaciones de la Inteligencia Artificial en Salud<\/strong><\/td>\r\n<td width=\"132\"><a href=\"https:\/\/decsai.ugr.es\/informacion\/directorio-personal\/jorge-sergio-igor-zwir-nawrocki\">Igor Zwir<\/a><\/td>\r\n<\/tr>\r\n<tr bgcolor=\"#FEF9E7\">\r\n<td width=\"100\">18:00 &#8211; 20:00<\/td>\r\n<td width=\"257\"><strong>Planificaci\u00f3n y resoluci\u00f3n de problemas con ayuda de la Inteligencia Artificial<\/strong><\/td>\r\n<td width=\"132\"><a href=\"https:\/\/decsai.ugr.es\/informacion\/directorio-personal\/juan-fernandez-olivares\">Juan Fern\u00e1ndez<\/a><\/td>\r\n<\/tr>\r\n<tr>\r\n<td width=\"51\"><\/td>\r\n<td width=\"100\"><\/td>\r\n<td width=\"257\"><\/td>\r\n<td width=\"132\"><\/td>\r\n<\/tr>\r\n<tr bgcolor=\"#EBF5FB\">\r\n<td rowspan=\"2\" width=\"51\"><strong>Jueves 18\/04<\/strong><\/td>\r\n<td width=\"100\">16:00 &#8211; 17:50<\/td>\r\n<td width=\"257\"><strong>Inteligencia Artificial, Redes Sociales y Desinformaci\u00f3n<\/strong><\/td>\r\n<td width=\"132\"><a href=\"https:\/\/decsai.ugr.es\/informacion\/directorio-personal\/juan-gomez-romero\">Juan G\u00f3mez<\/a><\/td>\r\n<\/tr>\r\n<tr bgcolor=\"#EBF5FB\">\r\n<td width=\"100\">18:00 &#8211; 20:00<\/td>\r\n<td width=\"257\"><strong>Implicaciones \u00e9ticas y jur\u00eddicas de la Inteligencia Artificial<\/strong><\/td>\r\n<td width=\"132\"><a href=\"https:\/\/www.dipri.org\/index.php\/es\/organizacion\/personal\/dra-margarita-robles-carrillo\">Margarita Robles<\/a><\/td>\r\n<\/tr>\r\n<tr>\r\n<td width=\"51\"><\/td>\r\n<td width=\"100\"><\/td>\r\n<td width=\"257\"><\/td>\r\n<td width=\"132\"><\/td>\r\n<\/tr>\r\n<tr bgcolor=\"#F5EEF8\">\r\n<td rowspan=\"2\" width=\"51\"><strong>Martes 23\/04<\/strong><\/td>\r\n<td width=\"100\">16:00 &#8211; 17:45<\/td>\r\n<td width=\"257\"><strong>Algunas consideraciones sobre la Inteligencia Artificial Generativa<\/strong><\/td>\r\n<td width=\"132\"><a href=\"https:\/\/www.bsc.es\/cortes-ulises\">Ulises Cort\u00e9s<\/a><\/td>\r\n<\/tr>\r\n<tr bgcolor=\"#F5EEF8\">\r\n<td width=\"100\">18:00 &#8211; 20:00<\/td>\r\n<td width=\"257\"><strong>\u00bfQu\u00e9 es la Ciencia de datos? <\/strong><\/td>\r\n<td width=\"132\"><a href=\"https:\/\/decsai.ugr.es\/informacion\/directorio-personal\/rocio-celeste-romero-zaliz\">Roc\u00edo Romero<\/a><\/td>\r\n<\/tr>\r\n<tr>\r\n<td width=\"51\"><\/td>\r\n<td width=\"100\"><\/td>\r\n<td width=\"257\"><\/td>\r\n<td width=\"132\"><\/td>\r\n<\/tr>\r\n<tr bgcolor=\"#F8F9F9\">\r\n<td width=\"51\"><strong>Jueves 25\/04<\/strong><\/td>\r\n<td width=\"100\">16:00 &#8211; 20:00<\/td>\r\n<td width=\"257\"><strong>Mesa redonda:\u00a0La Inteligencia Artificial desde el otro lado<\/strong><\/td>\r\n<td width=\"132\"><a href=\"https:\/\/www.juntadeandalucia.es\/agriculturaypesca\/ifapa\/web\/personas-estructuras-y-servicios\/personal-cientifico-tecnico\/sergio-colombo\">Sergio Colombo,<\/a>\u00a0 IFAPA &#8211; Junta de Andaluc\u00eda\r\n\r\n<a href=\"https:\/\/www.nazaries.com\/\">Eduardo Haro<\/a>, Nazar\u00edes Intelligenia\r\n\r\n<a href=\"https:\/\/bellasartes.ugr.es\/facultad\/directorio-personal\/ricardo-marin-viadel\">Ricardo Mar\u00edn<\/a>, Facultad de Bellas Artes (UGR)\r\n\r\n<a href=\"https:\/\/directorio.ugr.es\/static\/PersonalUGR\/*\/show\/cd0e2fa012bd838af760fdd2134db996\">Carmen Sabiote<\/a>, Instituto Andaluz de Turismo<\/td>\r\n<\/tr>\r\n<\/tbody>\r\n<\/table>\r\n<div class=\"wp-block-group\"><\/div>\r\n[\/vc_column_text][\/vc_column][\/vc_row][vc_row][vc_column][vc_separator style=\u00bbshadow\u00bb border_width=\u00bb3&#8243;][vc_column_text css=\u00bb.vc_custom_1712594060461{margin-bottom: 20px !important;}\u00bb]\r\n<h3><strong>Colaboran<\/strong><\/h3>\r\n[\/vc_column_text][\/vc_column][\/vc_row][vc_row][vc_column width=\u00bb1\/5&#8243;]<style type=\"text\/css\" data-type=\"the7_shortcodes-inline-css\">.shortcode-single-image-wrap.shortcode-single-image-6fadfff7c7b0d6e85c6fbf90d6a3e17c.enable-bg-rollover .rollover i,\n.shortcode-single-image-wrap.shortcode-single-image-6fadfff7c7b0d6e85c6fbf90d6a3e17c.enable-bg-rollover .rollover-video i {\n  background: -webkit-linear-gradient();\n  background: linear-gradient();\n}\n.shortcode-single-image-wrap.shortcode-single-image-6fadfff7c7b0d6e85c6fbf90d6a3e17c .rollover-icon {\n  font-size: 32px;\n  color: #ffffff;\n  min-width: 44px;\n  min-height: 44px;\n  line-height: 44px;\n  border-radius: 100px;\n  border-style: solid;\n  border-width: 0px;\n}\n.dt-icon-bg-on.shortcode-single-image-wrap.shortcode-single-image-6fadfff7c7b0d6e85c6fbf90d6a3e17c .rollover-icon {\n  background: rgba(255,255,255,0.3);\n  box-shadow: none;\n}\n<\/style><div class=\"shortcode-single-image-wrap shortcode-single-image-6fadfff7c7b0d6e85c6fbf90d6a3e17c alignnone  enable-bg-rollover dt-icon-bg-off\" style=\"margin-top:0px; margin-bottom:0px; margin-left:0px; margin-right:0px;\"><div class=\"shortcode-single-image\"><div class=\"fancy-media-wrap\" style=\"\"><a href=\"https:\/\/www.ugr.es\/\" class=\" layzr-bg rollover\" style=\"\" aria-label=\"Image\"><img loading=\"lazy\" decoding=\"async\" class=\"preload-me lazy-load\" src=\"data:image\/svg+xml,%3Csvg%20xmlns%3D&#39;http%3A%2F%2Fwww.w3.org%2F2000%2Fsvg&#39;%20viewBox%3D&#39;0%200%201029%201006&#39;%2F%3E\" data-src=\"https:\/\/modougr.es\/wp-content\/uploads\/2024\/04\/UGR.png\" data-srcset=\"https:\/\/modougr.es\/wp-content\/uploads\/2024\/04\/UGR.png 1029w\" width=\"1029\" height=\"1006\"  data-dt-location=\"https:\/\/modougr.es\/index.php\/inteligencia-artificial-en-360o-3a-edicion\/ugr\/\" alt=\"\" \/><\/a><\/div><\/div><\/div>[\/vc_column][vc_column width=\u00bb1\/5&#8243;]<style type=\"text\/css\" data-type=\"the7_shortcodes-inline-css\">.shortcode-single-image-wrap.shortcode-single-image-62ba7c7afd52f1e30d466b45049e053c.enable-bg-rollover .rollover i,\n.shortcode-single-image-wrap.shortcode-single-image-62ba7c7afd52f1e30d466b45049e053c.enable-bg-rollover .rollover-video i {\n  background: -webkit-linear-gradient();\n  background: linear-gradient();\n}\n.shortcode-single-image-wrap.shortcode-single-image-62ba7c7afd52f1e30d466b45049e053c .rollover-icon {\n  font-size: 32px;\n  color: #ffffff;\n  min-width: 44px;\n  min-height: 44px;\n  line-height: 44px;\n  border-radius: 100px;\n  border-style: solid;\n  border-width: 0px;\n}\n.dt-icon-bg-on.shortcode-single-image-wrap.shortcode-single-image-62ba7c7afd52f1e30d466b45049e053c .rollover-icon {\n  background: rgba(255,255,255,0.3);\n  box-shadow: none;\n}\n<\/style><div class=\"shortcode-single-image-wrap shortcode-single-image-62ba7c7afd52f1e30d466b45049e053c alignnone  enable-bg-rollover dt-icon-bg-off\" style=\"margin-top:0px; margin-bottom:0px; margin-left:0px; margin-right:0px;\"><div class=\"shortcode-single-image\"><div class=\"fancy-media-wrap\" style=\"\"><a href=\"https:\/\/modougr.es\/\" class=\" layzr-bg rollover\" style=\"\" aria-label=\"Image\"><img loading=\"lazy\" decoding=\"async\" class=\"preload-me lazy-load\" src=\"data:image\/svg+xml,%3Csvg%20xmlns%3D&#39;http%3A%2F%2Fwww.w3.org%2F2000%2Fsvg&#39;%20viewBox%3D&#39;0%200%202914%202070&#39;%2F%3E\" data-src=\"https:\/\/modougr.es\/wp-content\/uploads\/2024\/04\/1-RGB-CON-FONDO-TRANSPARENTE.png\" data-srcset=\"https:\/\/modougr.es\/wp-content\/uploads\/2024\/04\/1-RGB-CON-FONDO-TRANSPARENTE.png 2914w\" width=\"2914\" height=\"2070\"  data-dt-location=\"https:\/\/modougr.es\/index.php\/inteligencia-artificial-en-360o-3a-edicion\/1-rgb-con-fondo-transparente\/\" alt=\"\" \/><\/a><\/div><\/div><\/div>[\/vc_column][vc_column width=\u00bb1\/5&#8243;]<style type=\"text\/css\" data-type=\"the7_shortcodes-inline-css\">.shortcode-single-image-wrap.shortcode-single-image-18018b36c37a5684b421c5731aa98c81.enable-bg-rollover .rollover i,\n.shortcode-single-image-wrap.shortcode-single-image-18018b36c37a5684b421c5731aa98c81.enable-bg-rollover .rollover-video i {\n  background: -webkit-linear-gradient();\n  background: linear-gradient();\n}\n.shortcode-single-image-wrap.shortcode-single-image-18018b36c37a5684b421c5731aa98c81 .rollover-icon {\n  font-size: 32px;\n  color: #ffffff;\n  min-width: 44px;\n  min-height: 44px;\n  line-height: 44px;\n  border-radius: 100px;\n  border-style: solid;\n  border-width: 0px;\n}\n.dt-icon-bg-on.shortcode-single-image-wrap.shortcode-single-image-18018b36c37a5684b421c5731aa98c81 .rollover-icon {\n  background: rgba(255,255,255,0.3);\n  box-shadow: none;\n}\n<\/style><div class=\"shortcode-single-image-wrap shortcode-single-image-18018b36c37a5684b421c5731aa98c81 alignnone  enable-bg-rollover dt-icon-bg-off\" style=\"margin-top:0px; margin-bottom:0px; margin-left:0px; margin-right:0px;\"><div class=\"shortcode-single-image\"><div class=\"fancy-media-wrap\" style=\"\"><a href=\"https:\/\/escuelaposgrado.ugr.es\/\" class=\" layzr-bg rollover\" style=\"\" aria-label=\"Image\"><img loading=\"lazy\" decoding=\"async\" class=\"preload-me lazy-load\" src=\"data:image\/svg+xml,%3Csvg%20xmlns%3D&#39;http%3A%2F%2Fwww.w3.org%2F2000%2Fsvg&#39;%20viewBox%3D&#39;0%200%20191%20107&#39;%2F%3E\" data-src=\"https:\/\/modougr.es\/wp-content\/uploads\/2024\/04\/CEIP.jpeg\" data-srcset=\"https:\/\/modougr.es\/wp-content\/uploads\/2024\/04\/CEIP.jpeg 191w\" width=\"191\" height=\"107\"  data-dt-location=\"https:\/\/modougr.es\/ceip\/\" alt=\"\" \/><\/a><\/div><\/div><\/div>[\/vc_column][vc_column width=\u00bb1\/5&#8243;]<style type=\"text\/css\" data-type=\"the7_shortcodes-inline-css\">.shortcode-single-image-wrap.shortcode-single-image-1e0f899780405b40693c8b2beca5856d.enable-bg-rollover .rollover i,\n.shortcode-single-image-wrap.shortcode-single-image-1e0f899780405b40693c8b2beca5856d.enable-bg-rollover .rollover-video i {\n  background: -webkit-linear-gradient();\n  background: linear-gradient();\n}\n.shortcode-single-image-wrap.shortcode-single-image-1e0f899780405b40693c8b2beca5856d .rollover-icon {\n  font-size: 32px;\n  color: #ffffff;\n  min-width: 44px;\n  min-height: 44px;\n  line-height: 44px;\n  border-radius: 100px;\n  border-style: solid;\n  border-width: 0px;\n}\n.dt-icon-bg-on.shortcode-single-image-wrap.shortcode-single-image-1e0f899780405b40693c8b2beca5856d .rollover-icon {\n  background: rgba(255,255,255,0.3);\n  box-shadow: none;\n}\n<\/style><div class=\"shortcode-single-image-wrap shortcode-single-image-1e0f899780405b40693c8b2beca5856d alignnone  enable-bg-rollover dt-icon-bg-off\" style=\"margin-top:0px; margin-bottom:0px; margin-left:0px; margin-right:0px;\"><div class=\"shortcode-single-image\"><div class=\"fancy-media-wrap\" style=\"\"><a href=\"https:\/\/decsai.ugr.es\/\" class=\" layzr-bg rollover\" style=\"\" aria-label=\"Image\"><img loading=\"lazy\" decoding=\"async\" class=\"preload-me lazy-load\" src=\"data:image\/svg+xml,%3Csvg%20xmlns%3D&#39;http%3A%2F%2Fwww.w3.org%2F2000%2Fsvg&#39;%20viewBox%3D&#39;0%200%201024%201240&#39;%2F%3E\" data-src=\"https:\/\/modougr.es\/wp-content\/uploads\/2024\/04\/DECSAI.jpeg\" data-srcset=\"https:\/\/modougr.es\/wp-content\/uploads\/2024\/04\/DECSAI.jpeg 1024w\" width=\"1024\" height=\"1240\"  data-dt-location=\"https:\/\/modougr.es\/decsai\/\" alt=\"\" \/><\/a><\/div><\/div><\/div>[\/vc_column][vc_column width=\u00bb1\/5&#8243;]<style type=\"text\/css\" data-type=\"the7_shortcodes-inline-css\">.shortcode-single-image-wrap.shortcode-single-image-24b8a391a2a40dc7eeb4e313c0d09c11.enable-bg-rollover .rollover i,\n.shortcode-single-image-wrap.shortcode-single-image-24b8a391a2a40dc7eeb4e313c0d09c11.enable-bg-rollover .rollover-video i {\n  background: -webkit-linear-gradient();\n  background: linear-gradient();\n}\n.shortcode-single-image-wrap.shortcode-single-image-24b8a391a2a40dc7eeb4e313c0d09c11 .rollover-icon {\n  font-size: 32px;\n  color: #ffffff;\n  min-width: 44px;\n  min-height: 44px;\n  line-height: 44px;\n  border-radius: 100px;\n  border-style: solid;\n  border-width: 0px;\n}\n.dt-icon-bg-on.shortcode-single-image-wrap.shortcode-single-image-24b8a391a2a40dc7eeb4e313c0d09c11 .rollover-icon {\n  background: rgba(255,255,255,0.3);\n  box-shadow: none;\n}\n<\/style><div class=\"shortcode-single-image-wrap shortcode-single-image-24b8a391a2a40dc7eeb4e313c0d09c11 alignnone  enable-bg-rollover dt-icon-bg-off\" style=\"margin-top:0px; margin-bottom:0px; margin-left:0px; margin-right:0px;\"><div class=\"shortcode-single-image\"><div class=\"fancy-media-wrap\" style=\"\"><a href=\"https:\/\/etsiit.ugr.es\/\" class=\" layzr-bg rollover\" style=\"\" aria-label=\"Image\"><img loading=\"lazy\" decoding=\"async\" class=\"preload-me lazy-load\" src=\"data:image\/svg+xml,%3Csvg%20xmlns%3D&#39;http%3A%2F%2Fwww.w3.org%2F2000%2Fsvg&#39;%20viewBox%3D&#39;0%200%20452%20435&#39;%2F%3E\" data-src=\"https:\/\/modougr.es\/wp-content\/uploads\/2024\/04\/ETS.jpeg\" data-srcset=\"https:\/\/modougr.es\/wp-content\/uploads\/2024\/04\/ETS.jpeg 452w\" width=\"452\" height=\"435\"  data-dt-location=\"https:\/\/modougr.es\/ets\/\" alt=\"\" \/><\/a><\/div><\/div><\/div>[\/vc_column][\/vc_row]<!-- \/wp:post-content -->","protected":false},"excerpt":{"rendered":"<p>[vc_row content_placement=\u00bbtop\u00bb parallax_content=\u00bbparallax_content_value\u00bb css=\u00bb.vc_custom_1712660038225{padding-top: 10px !important;padding-bottom: 10px !important;border-radius: 5px !important;}\u00bb][vc_column width=\u00bb3\/4&#8243;][\/vc_column][\/vc_row][vc_row][vc_column][vc_column_text css=\u00bb.vc_custom_1744048528807{padding-top: 30px !important;padding-bottom: 30px !important;}\u00bb] Esta actividad formativa, organizada por la Escuela Internacional de Posgrado de la Universidad de Granada , tiene como objetivo principal clarificar las cuestiones b\u00e1sicas asociadas con la Inteligencia Artificial, desterrar algunos de los mitos m\u00e1s usuales y proveer una&hellip;<\/p>\n","protected":false},"author":1,"featured_media":0,"parent":0,"menu_order":0,"comment_status":"closed","ping_status":"closed","template":"","meta":[],"class_list":["post-3182","page","type-page","status-publish","hentry","description-off"],"_links":{"self":[{"href":"https:\/\/modougr.es\/index.php\/wp-json\/wp\/v2\/pages\/3182","targetHints":{"allow":["GET"]}}],"collection":[{"href":"https:\/\/modougr.es\/index.php\/wp-json\/wp\/v2\/pages"}],"about":[{"href":"https:\/\/modougr.es\/index.php\/wp-json\/wp\/v2\/types\/page"}],"author":[{"embeddable":true,"href":"https:\/\/modougr.es\/index.php\/wp-json\/wp\/v2\/users\/1"}],"replies":[{"embeddable":true,"href":"https:\/\/modougr.es\/index.php\/wp-json\/wp\/v2\/comments?post=3182"}],"version-history":[{"count":48,"href":"https:\/\/modougr.es\/index.php\/wp-json\/wp\/v2\/pages\/3182\/revisions"}],"predecessor-version":[{"id":3366,"href":"https:\/\/modougr.es\/index.php\/wp-json\/wp\/v2\/pages\/3182\/revisions\/3366"}],"wp:attachment":[{"href":"https:\/\/modougr.es\/index.php\/wp-json\/wp\/v2\/media?parent=3182"}],"curies":[{"name":"wp","href":"https:\/\/api.w.org\/{rel}","templated":true}]}}