{"id":3072,"date":"2023-04-25T11:34:30","date_gmt":"2023-04-25T11:34:30","guid":{"rendered":"https:\/\/modougr.es\/?page_id=3072"},"modified":"2024-04-07T18:56:11","modified_gmt":"2024-04-07T18:56:11","slug":"inteligencia-artificial-en-360o-2a-ed","status":"publish","type":"page","link":"https:\/\/modougr.es\/index.php\/inteligencia-artificial-en-360o-2a-ed\/","title":{"rendered":"Inteligencia Artificial en 360\u00ba (2\u00aa Ed)"},"content":{"rendered":"[vc_row][vc_column]<style type=\"text\/css\" data-type=\"the7_shortcodes-inline-css\">.shortcode-single-image-wrap.shortcode-single-image-d13ddbbf1bbb827d4a9bd722031e18f4.enable-bg-rollover .rollover i,\n.shortcode-single-image-wrap.shortcode-single-image-d13ddbbf1bbb827d4a9bd722031e18f4.enable-bg-rollover .rollover-video i {\n  background: -webkit-linear-gradient();\n  background: linear-gradient();\n}\n.shortcode-single-image-wrap.shortcode-single-image-d13ddbbf1bbb827d4a9bd722031e18f4 .rollover-icon {\n  font-size: 32px;\n  color: #ffffff;\n  min-width: 44px;\n  min-height: 44px;\n  line-height: 44px;\n  border-radius: 100px;\n  border-style: solid;\n  border-width: 0px;\n}\n.dt-icon-bg-on.shortcode-single-image-wrap.shortcode-single-image-d13ddbbf1bbb827d4a9bd722031e18f4 .rollover-icon {\n  background: rgba(255,255,255,0.3);\n  box-shadow: none;\n}\n<\/style><div class=\"shortcode-single-image-wrap shortcode-single-image-d13ddbbf1bbb827d4a9bd722031e18f4 alignnone  enable-bg-rollover dt-icon-bg-off\" style=\"margin-top:0px; margin-bottom:0px; margin-left:0px; margin-right:0px; width:800px;\"><div class=\"shortcode-single-image\"><div class=\"fancy-media-wrap  layzr-bg\" style=\"\"><img loading=\"lazy\" decoding=\"async\" class=\"preload-me lazy-load\" src=\"data:image\/svg+xml,%3Csvg%20xmlns%3D&#39;http%3A%2F%2Fwww.w3.org%2F2000%2Fsvg&#39;%20viewBox%3D&#39;0%200%20554%20719&#39;%2F%3E\" data-src=\"https:\/\/modougr.es\/wp-content\/uploads\/2023\/04\/360_2ed.jpeg\" data-srcset=\"https:\/\/modougr.es\/wp-content\/uploads\/2023\/04\/360_2ed.jpeg 554w\" width=\"554\" height=\"719\"  data-dt-location=\"https:\/\/modougr.es\/index.php\/inteligencia-artificial-en-360o-2a-ed\/360_2ed\/\" style=\"\" alt=\"\" \/><\/div><\/div><\/div>[vc_column_text css=\u00bb.vc_custom_1711987801585{padding-top: 30px !important;padding-bottom: 30px !important;}\u00bb]\r\n<h2 style=\"text-align: left;\">Programa de Actividades<\/h2>\r\n<table width=\"440\">\r\n<tbody>\r\n<tr>\r\n<td width=\"51\">\r\n<h3><strong>Sesi\u00f3n<\/strong><\/h3>\r\n<\/td>\r\n<td width=\"100\">\r\n<h3><strong>Hora<\/strong><\/h3>\r\n<\/td>\r\n<td width=\"257\">\r\n<h3><strong>T\u00edtulo<\/strong><\/h3>\r\n<\/td>\r\n<td width=\"132\">\r\n<h3><strong>Ponente<\/strong><\/h3>\r\n<\/td>\r\n<\/tr>\r\n<tr bgcolor=\"#FDEDEC\">\r\n<td rowspan=\"3\" width=\"51\"><strong>Martes 02\/05<\/strong><\/td>\r\n<td width=\"100\">16:00 &#8211; 16:15<\/td>\r\n<td width=\"257\"><strong>Introducci\u00f3n<\/strong><\/td>\r\n<td width=\"132\"><a href=\"https:\/\/wpd.ugr.es\/~dpelta\/wordpress\/\">David Pelta<\/a> &#8211;\r\n<a href=\"https:\/\/decsai.ugr.es\/informacion\/directorio-personal\/carlos-alberto-cruz-corona\">Carlos Cruz<\/a><\/td>\r\n<\/tr>\r\n<tr bgcolor=\"#FDEDEC\">\r\n<td width=\"100\">16:15 &#8211; 17:50<\/td>\r\n<td width=\"257\"><strong>Una introducci\u00f3n a la Inteligencia Artificial<\/strong><\/td>\r\n<td width=\"132\"><a href=\"https:\/\/es.wikipedia.org\/wiki\/Jos%C3%A9_Luis_Verdegay\">Jos\u00e9 L. Verdegay<\/a><\/td>\r\n<\/tr>\r\n<tr bgcolor=\"#FDEDEC\">\r\n<td width=\"100\">18:00 &#8211; 20:00<\/td>\r\n<td width=\"257\"><strong>Conceptos b\u00e1sicos de Aprendizaje Computacional<\/strong><\/td>\r\n<td width=\"132\"><a href=\"https:\/\/decsai.ugr.es\/informacion\/directorio-personal\/fernando-berzal-galiano\">Fernando Berzal<\/a><\/td>\r\n<\/tr>\r\n<tr>\r\n<td width=\"51\"><\/td>\r\n<td width=\"100\"><\/td>\r\n<td width=\"257\"><\/td>\r\n<td width=\"132\"><\/td>\r\n<\/tr>\r\n<tr bgcolor=\"#E9F7EF\">\r\n<td rowspan=\"2\" width=\"51\"><strong>Jueves 04\/05<\/strong><\/td>\r\n<td width=\"100\">16:00 &#8211; 17:50<\/td>\r\n<td width=\"257\"><strong>M\u00e9todos de b\u00fasqueda y optimizaci\u00f3n<\/strong><\/td>\r\n<td width=\"132\"><a href=\"https:\/\/wpd.ugr.es\/~dpelta\/wordpress\/\">David Pelta<\/a><\/td>\r\n<\/tr>\r\n<tr bgcolor=\"#E9F7EF\">\r\n<td width=\"100\">18:00 &#8211; 20:00<\/td>\r\n<td width=\"257\"><strong>Procesamiento de im\u00e1genes y video con Inteligencia Artificial<\/strong><\/td>\r\n<td width=\"132\"><a href=\"https:\/\/decsai.ugr.es\/informacion\/directorio-personal\/javier-mateos-delgado\">Javier Mateos<\/a>\r\n<a href=\"https:\/\/decsai.ugr.es\/informacion\/directorio-personal\/jesus-chamorro-martinez\">Jes\u00fas Chamorro<\/a><\/td>\r\n<\/tr>\r\n<tr>\r\n<td width=\"51\"><\/td>\r\n<td width=\"100\"><\/td>\r\n<td width=\"257\"><\/td>\r\n<td width=\"132\"><\/td>\r\n<\/tr>\r\n<tr bgcolor=\"#FEF9E7\">\r\n<td rowspan=\"2\" width=\"51\"><strong>Martes 09\/05<\/strong><\/td>\r\n<td width=\"100\">16:00 &#8211; 17:50<\/td>\r\n<td width=\"257\"><strong>Inteligencia Artificial y Redes Sociales<\/strong><\/td>\r\n<td width=\"132\"><a href=\"https:\/\/decsai.ugr.es\/informacion\/directorio-personal\/juan-gomez-romero\">Juan G\u00f3mez<\/a><\/td>\r\n<\/tr>\r\n<tr bgcolor=\"#FEF9E7\">\r\n<td width=\"100\">18:00 &#8211; 20:00<\/td>\r\n<td width=\"257\"><strong>\u00abLos datos\u00bb, Algunas cuestiones sobre su gesti\u00f3n, manipulaci\u00f3n y almacenamiento<\/strong><\/td>\r\n<td width=\"132\"><a href=\"https:\/\/decsai.ugr.es\/informacion\/directorio-personal\/carlos-alberto-cruz-corona\">Carlos Cruz<\/a> &#8211;\r\n<a href=\"https:\/\/decsai.ugr.es\/informacion\/directorio-personal\/ignacio-jose-blanco-medina\">Ignacio Blanco<\/a><\/td>\r\n<\/tr>\r\n<tr>\r\n<td width=\"51\"><\/td>\r\n<td width=\"100\"><\/td>\r\n<td width=\"257\"><\/td>\r\n<td width=\"132\"><\/td>\r\n<\/tr>\r\n<tr bgcolor=\"#EBF5FB\">\r\n<td rowspan=\"1\" width=\"51\"><strong>Jueves 11\/05<\/strong><\/td>\r\n<td width=\"100\">16:00 &#8211; 17:50<\/td>\r\n<td width=\"257\"><strong>Cuestiones b\u00e1sicas de ciberseguridad<\/strong><\/td>\r\n<td width=\"132\"><a href=\"https:\/\/tstc.ugr.es\/informacion\/directorio-personal\/gabriel-macia-fernandez\">Gabriel Maci\u00e1<\/a><\/td>\r\n<\/tr>\r\n<tr>\r\n<td width=\"51\"><\/td>\r\n<td width=\"100\"><\/td>\r\n<td width=\"257\"><\/td>\r\n<td width=\"132\"><\/td>\r\n<\/tr>\r\n<tr bgcolor=\"#F5EEF8\">\r\n<td rowspan=\"3\" width=\"51\"><strong>Martes 16\/05<\/strong><\/td>\r\n<td width=\"100\">16:00 &#8211; 16:50<\/td>\r\n<td width=\"257\"><strong>Implicaciones \u00e9ticas y jur\u00eddicas de la IA<\/strong><\/td>\r\n<td width=\"132\"><a href=\"https:\/\/www.dipri.org\/index.php\/es\/organizacion\/personal\/dra-margarita-robles-carrillo\">Margarita Robles<\/a><\/td>\r\n<\/tr>\r\n<tr bgcolor=\"#F5EEF8\">\r\n<td width=\"100\">17:00 &#8211; 18:40<\/td>\r\n<td width=\"257\"><strong>Robots que aprenden<\/strong><\/td>\r\n<td width=\"132\"><a href=\"https:\/\/icar.ugr.es\/informacion\/directorio-personal\/eduardo-ros-vidal\">Eduardo Ros<\/a><\/td>\r\n<\/tr>\r\n<tr bgcolor=\"#F5EEF8\">\r\n<td width=\"100\">18:50 &#8211; 20:00<\/td>\r\n<td width=\"257\"><strong>Justicia Digital<\/strong><\/td>\r\n<td width=\"132\"><a href=\"https:\/\/diphd.ugr.es\/informacion\/directorio-personal\/fernando-esteban-la-rosa\">Fernando Esteban de la Rosa<\/a><\/td>\r\n<\/tr>\r\n<tr>\r\n<td width=\"51\"><\/td>\r\n<td width=\"100\"><\/td>\r\n<td width=\"257\"><\/td>\r\n<td width=\"132\"><\/td>\r\n<\/tr>\r\n<tr bgcolor=\"#F8F9F9\">\r\n<td width=\"51\"><strong>Jueves 18\/05<\/strong><\/td>\r\n<td width=\"100\">16:00 &#8211; 20:00<\/td>\r\n<td width=\"257\"><strong>Aplicaciones de la IA &#8211; Mesa Redonda y debate.<\/strong><\/td>\r\n<td width=\"132\">\r\n<ul style=\"padding-left: 0;\">\r\n \t<li><a href=\"https:\/\/es.wikipedia.org\/wiki\/Jos%C3%A9_Luis_Verdegay\">Jos\u00e9 L. Verdegay<\/a><\/li>\r\n \t<li><a href=\"https:\/\/www.intelligenia.com\/team#equipo\/jcarlos\">Jos\u00e9 Carlos Calvo Tudela<\/a><\/li>\r\n \t<li><a href=\"https:\/\/decsai.ugr.es\/informacion\/directorio-personal\/jesus-chamorro-martinez\">Jes\u00fas Chamorro Mart\u00ednez<\/a><\/li>\r\n \t<li><a href=\"https:\/\/decsai.ugr.es\/informacion\/directorio-personal\/jorge-casillas-barranquero\">Jorge Casillas Barranquero<\/a><\/li>\r\n<\/ul>\r\n<\/td>\r\n<\/tr>\r\n<tr>\r\n<td width=\"51\"><\/td>\r\n<td width=\"100\"><\/td>\r\n<td width=\"257\"><\/td>\r\n<td width=\"132\"><\/td>\r\n<\/tr>\r\n<tr bgcolor=\"#EBF5FB\">\r\n<td rowspan=\"1\" width=\"51\"><strong>Martes 23\/05<\/strong><\/td>\r\n<td width=\"100\">17:00 &#8211; 19:00<\/td>\r\n<td width=\"257\"><strong>Aplicaciones de IA en el \u00e1mbito de la salud<\/strong><\/td>\r\n<td width=\"132\"><a href=\"https:\/\/decsai.ugr.es\/informacion\/directorio-personal\/carlos-cano-gutierrez\">Carlos Cano<\/a> &#8211;\r\n<a href=\"https:\/\/decsai.ugr.es\/informacion\/directorio-personal\/jorge-sergio-igor-zwir-nawrocki\">Igor Zwir<\/a><\/td>\r\n<\/tr>\r\n<\/tbody>\r\n<\/table>\r\n&nbsp;\r\n<div class=\"wp-block-group\"><\/div>\r\n[\/vc_column_text][\/vc_column][vc_column]<style type=\"text\/css\" data-type=\"the7_shortcodes-inline-css\">#default-btn-b4aadfcee65ac65163abd455fee9aaaa.ico-right-side > i {\n  margin-right: 0px;\n  margin-left: 8px;\n}\n#default-btn-b4aadfcee65ac65163abd455fee9aaaa > i {\n  margin-right: 8px;\n}\n#default-btn-b4aadfcee65ac65163abd455fee9aaaa * {\n  vertical-align: middle;\n}\n<\/style><div class=\"btn-align-center\"><a href=\"title:Instrucciones%20para%20la%20realizaci%C3%B3n%20del%20trabajo\" class=\"default-btn-shortcode dt-btn dt-btn-m link-hover-off anchor-link \" id=\"default-btn-b4aadfcee65ac65163abd455fee9aaaa\"><span>Instrucciones para la realizaci\u00f3n del trabajo<\/span><\/a><\/div>[\/vc_column][\/vc_row]<!-- \/wp:post-content -->","protected":false},"excerpt":{"rendered":"<p>[vc_row][vc_column][vc_column_text css=\u00bb.vc_custom_1711987801585{padding-top: 30px !important;padding-bottom: 30px !important;}\u00bb] Programa de Actividades Sesi\u00f3n Hora T\u00edtulo Ponente Martes 02\/05 16:00 &#8211; 16:15 Introducci\u00f3n David Pelta &#8211; Carlos Cruz 16:15 &#8211; 17:50 Una introducci\u00f3n a la Inteligencia Artificial Jos\u00e9 L. Verdegay 18:00 &#8211; 20:00 Conceptos b\u00e1sicos de Aprendizaje Computacional Fernando Berzal Jueves 04\/05 16:00 &#8211; 17:50 M\u00e9todos de b\u00fasqueda y&hellip;<\/p>\n","protected":false},"author":1,"featured_media":0,"parent":0,"menu_order":0,"comment_status":"closed","ping_status":"closed","template":"","meta":[],"class_list":["post-3072","page","type-page","status-publish","hentry","description-off"],"_links":{"self":[{"href":"https:\/\/modougr.es\/index.php\/wp-json\/wp\/v2\/pages\/3072","targetHints":{"allow":["GET"]}}],"collection":[{"href":"https:\/\/modougr.es\/index.php\/wp-json\/wp\/v2\/pages"}],"about":[{"href":"https:\/\/modougr.es\/index.php\/wp-json\/wp\/v2\/types\/page"}],"author":[{"embeddable":true,"href":"https:\/\/modougr.es\/index.php\/wp-json\/wp\/v2\/users\/1"}],"replies":[{"embeddable":true,"href":"https:\/\/modougr.es\/index.php\/wp-json\/wp\/v2\/comments?post=3072"}],"version-history":[{"count":29,"href":"https:\/\/modougr.es\/index.php\/wp-json\/wp\/v2\/pages\/3072\/revisions"}],"predecessor-version":[{"id":3181,"href":"https:\/\/modougr.es\/index.php\/wp-json\/wp\/v2\/pages\/3072\/revisions\/3181"}],"wp:attachment":[{"href":"https:\/\/modougr.es\/index.php\/wp-json\/wp\/v2\/media?parent=3072"}],"curies":[{"name":"wp","href":"https:\/\/api.w.org\/{rel}","templated":true}]}}