{"id":2890,"date":"2022-02-07T12:12:58","date_gmt":"2022-02-07T12:12:58","guid":{"rendered":"https:\/\/modougr.es\/?page_id=2890"},"modified":"2025-05-22T15:48:00","modified_gmt":"2025-05-22T15:48:00","slug":"instrucciones-para-la-realizacion-del-trabajo","status":"publish","type":"page","link":"https:\/\/modougr.es\/index.php\/instrucciones-para-la-realizacion-del-trabajo\/","title":{"rendered":"Instrucciones para la realizaci\u00f3n del trabajo"},"content":{"rendered":"<p>[vc_row][vc_column][vc_column_text]El objetivo del trabajo consiste en realizar una revisi\u00f3n bibliogr\u00e1fica que resulte de utilidad para el\/la doctorando\/a.<\/p>\n<p>Se sugieren las siguientes alternativas:<\/p>\n<ol>\n<li>Dado un problema de inter\u00e9s, la revisi\u00f3n recoger\u00e1 que t\u00e9cnicas de I.A. se han aplicado para su resoluci\u00f3n.<\/li>\n<li>Dada una t\u00e9cnica de inter\u00e9s (por ej. t\u00e9cnicas de aprendizaje), la revisi\u00f3n recoger\u00e1 que problemas de su \u00e1rea se han resuelto con dicha t\u00e9cnica.<\/li>\n<\/ol>\n<p>Utilizando bases de datos como SCOPUS o Web of Science, debe seleccionar 5 art\u00edculos que satisfagan los siguientes criterios:<\/p>\n<ol>\n<li>Se hayan publicado en los \u00faltimos 5 a\u00f1os.<\/li>\n<li>La revista est\u00e9 indexada en el Journal Citation Reports (o similar para Ciencias Sociales y Jur\u00eddicas).<\/li>\n<li>No sea un art\u00edculo de revisi\u00f3n.<\/li>\n<\/ol>\n<p>El informe debe contener al menos, los siguientes apartados:<\/p>\n<p><strong>Tipo de trabajo<\/strong><\/p>\n<p>Si es de tipo (1), incluya una breve descripci\u00f3n del problema de inter\u00e9s, indicando si es el objeto de su tesis doctoral.<\/p>\n<p>Si es de tipo (2), indique la t\u00e9cnica que le ha interesado, si considera que puede ser relevante para su tesis doctoral, etc.<\/p>\n<p><strong>Art\u00edculos seleccionados<\/strong><\/p>\n<p>Indique la referencia completa de cada art\u00edculo, incluyendo el DOI<\/p>\n<p><strong>Resumen<\/strong><\/p>\n<p>Para cada art\u00edculo, elabore un resumen breve.<\/p>\n<p><strong>Visi\u00f3n de conjunto<\/strong><\/p>\n<p>Describa de manera conjunta los art\u00edculos revisados, proporcionando una visi\u00f3n integral (aunque limitada dada la extensi\u00f3n del trabajo) de<\/p>\n<ol>\n<li>las t\u00e9cnicas de I.A. que se han aplicado al problema, con sus dificultades, resultados, etc. o,<\/li>\n<li>el tipo de problemas en su \u00e1rea que se han abordado con la t\u00e9cnica de I.A. que le ha interesado.<\/li>\n<\/ol>\n<p><strong>Sobre el formato:<\/strong><\/p>\n<p>El trabajo tendr\u00e1 una extensi\u00f3n m\u00e1xima de 8 p\u00e1ginas.<\/p>\n<p>Debe utilizar un tama\u00f1o de letra de 11 pts, interlineado sencillo y m\u00e1rgenes de 2cm (aprox.)<\/p>\n<p>Indique claramente su nombre y apellidos, DNI, y doctorado en el cual se encuentra matriculado.<\/p>\n<p><strong>Instrucciones para la entrega:<\/strong><\/p>\n<ul>\n<li>Se realizar\u00e1 por correo electr\u00f3nico a la direcci\u00f3n <a href=\"mailto:carloscruzcorona@ugr.es\">carloscruzcorona@ugr.es<\/a><\/li>\n<li>Debe enviar el informe en un fichero PDF, cuyo nombre sea nombre_apellido.pdf<\/li>\n<li>El asunto del mensaje debe ser <em>Trabajo IA en 360<\/em><\/li>\n<\/ul>\n<h2><strong>FECHA DE ENTREGA: 15 de Junio<\/strong><\/h2>\n<p>[\/vc_column_text][\/vc_column][\/vc_row]<\/p>\n","protected":false},"excerpt":{"rendered":"<p>[vc_row][vc_column][vc_column_text]El objetivo del trabajo consiste en realizar una revisi\u00f3n bibliogr\u00e1fica que resulte de utilidad para el\/la doctorando\/a. Se sugieren las siguientes alternativas: Dado un problema de inter\u00e9s, la revisi\u00f3n recoger\u00e1 que t\u00e9cnicas de I.A. se han aplicado para su resoluci\u00f3n. Dada una t\u00e9cnica de inter\u00e9s (por ej. t\u00e9cnicas de aprendizaje), la revisi\u00f3n recoger\u00e1 que problemas&hellip;<\/p>\n","protected":false},"author":1,"featured_media":0,"parent":0,"menu_order":0,"comment_status":"closed","ping_status":"closed","template":"","meta":[],"class_list":["post-2890","page","type-page","status-publish","hentry","description-off"],"_links":{"self":[{"href":"https:\/\/modougr.es\/index.php\/wp-json\/wp\/v2\/pages\/2890","targetHints":{"allow":["GET"]}}],"collection":[{"href":"https:\/\/modougr.es\/index.php\/wp-json\/wp\/v2\/pages"}],"about":[{"href":"https:\/\/modougr.es\/index.php\/wp-json\/wp\/v2\/types\/page"}],"author":[{"embeddable":true,"href":"https:\/\/modougr.es\/index.php\/wp-json\/wp\/v2\/users\/1"}],"replies":[{"embeddable":true,"href":"https:\/\/modougr.es\/index.php\/wp-json\/wp\/v2\/comments?post=2890"}],"version-history":[{"count":8,"href":"https:\/\/modougr.es\/index.php\/wp-json\/wp\/v2\/pages\/2890\/revisions"}],"predecessor-version":[{"id":3422,"href":"https:\/\/modougr.es\/index.php\/wp-json\/wp\/v2\/pages\/2890\/revisions\/3422"}],"wp:attachment":[{"href":"https:\/\/modougr.es\/index.php\/wp-json\/wp\/v2\/media?parent=2890"}],"curies":[{"name":"wp","href":"https:\/\/api.w.org\/{rel}","templated":true}]}}