{"id":2873,"date":"2022-02-03T14:58:13","date_gmt":"2022-02-03T14:58:13","guid":{"rendered":"https:\/\/modougr.es\/?page_id=2873"},"modified":"2024-04-08T16:19:57","modified_gmt":"2024-04-08T16:19:57","slug":"inteligencia-artificial-en-360o","status":"publish","type":"page","link":"https:\/\/modougr.es\/index.php\/inteligencia-artificial-en-360o\/","title":{"rendered":"Inteligencia Artificial en 360\u00ba (1\u00aa Ed)"},"content":{"rendered":"[vc_row][vc_column]<style type=\"text\/css\" data-type=\"the7_shortcodes-inline-css\">.shortcode-single-image-wrap.shortcode-single-image-56bf2f66fcf49eaeafe4903dc886a9fd.enable-bg-rollover .rollover i,\n.shortcode-single-image-wrap.shortcode-single-image-56bf2f66fcf49eaeafe4903dc886a9fd.enable-bg-rollover .rollover-video i {\n  background: -webkit-linear-gradient();\n  background: linear-gradient();\n}\n.shortcode-single-image-wrap.shortcode-single-image-56bf2f66fcf49eaeafe4903dc886a9fd .rollover-icon {\n  font-size: 32px;\n  color: #ffffff;\n  min-width: 44px;\n  min-height: 44px;\n  line-height: 44px;\n  border-radius: 100px;\n  border-style: solid;\n  border-width: 0px;\n}\n.dt-icon-bg-on.shortcode-single-image-wrap.shortcode-single-image-56bf2f66fcf49eaeafe4903dc886a9fd .rollover-icon {\n  background: rgba(255,255,255,0.3);\n  box-shadow: none;\n}\n<\/style><div class=\"shortcode-single-image-wrap shortcode-single-image-56bf2f66fcf49eaeafe4903dc886a9fd alignnone  enable-bg-rollover dt-icon-bg-off\" style=\"margin-top:0px; margin-bottom:0px; margin-left:0px; margin-right:0px; width:500px;\"><div class=\"shortcode-single-image\"><div class=\"fancy-media-wrap  layzr-bg\" style=\"\"><img loading=\"lazy\" decoding=\"async\" class=\"preload-me lazy-load\" src=\"data:image\/svg+xml,%3Csvg%20xmlns%3D&#39;http%3A%2F%2Fwww.w3.org%2F2000%2Fsvg&#39;%20viewBox%3D&#39;0%200%20500%20651&#39;%2F%3E\" data-src=\"https:\/\/modougr.es\/wp-content\/uploads\/2022\/01\/IA-360-500x651.jpg\" data-srcset=\"https:\/\/modougr.es\/wp-content\/uploads\/2022\/01\/IA-360-500x651.jpg 500w, https:\/\/modougr.es\/wp-content\/uploads\/2022\/01\/IA-360-1000x1302.jpg 1000w\" width=\"500\" height=\"651\"  data-dt-location=\"https:\/\/modougr.es\/index.php\/inteligencia-artificial-en-360o\/ia-360\/\" style=\"\" alt=\"\" \/><\/div><\/div><\/div>[\/vc_column][\/vc_row][vc_row][vc_column][vc_column_text css=\u00bb.vc_custom_1664113756761{padding-top: 30px !important;padding-right: 30px !important;padding-bottom: 30px !important;padding-left: 30px !important;}\u00bb]\r\n<h2 style=\"text-align: left;\">Programa de Actividades<\/h2>\r\n<table width=\"440\">\r\n<tbody>\r\n<tr>\r\n<td width=\"51\">\r\n<h3><strong>Sesi\u00f3n<\/strong><\/h3>\r\n<\/td>\r\n<td width=\"257\">\r\n<h3><strong>T\u00edtulo<\/strong><\/h3>\r\n<\/td>\r\n<td width=\"132\">\r\n<h3><strong>Ponente<\/strong><\/h3>\r\n<\/td>\r\n<\/tr>\r\n<tr>\r\n<td rowspan=\"3\" width=\"51\"><strong>Lunes 31\/01<\/strong><\/td>\r\n<td width=\"257\"><strong>Introducci\u00f3n<\/strong><\/td>\r\n<td width=\"132\"><a href=\"https:\/\/wpd.ugr.es\/~dpelta\/wordpress\/\">D. Pelta<\/a> &#8211; <a href=\"https:\/\/directorio.ugr.es\/static\/PersonalUGR\/*\/show\/78481f9dead3669175700c45b442d590\">C. Cruz<\/a><\/td>\r\n<\/tr>\r\n<tr>\r\n<td width=\"257\"><strong>Un recorrido hist\u00f3rico por la IA y sus hitos<\/strong><\/td>\r\n<td width=\"132\"><a href=\"https:\/\/es.wikipedia.org\/wiki\/Jos%C3%A9_Luis_Verdegay\">Jos\u00e9 L. Verdegay<\/a><\/td>\r\n<\/tr>\r\n<tr>\r\n<td width=\"257\"><strong>Representaci\u00f3n del conocimiento, razonamiento aproximado y l\u00f3gica<\/strong><\/td>\r\n<td width=\"132\"><a href=\"https:\/\/www.deusto.es\/cs\/Satellite\/deusto\/es\/universidad-deusto\/sobre-deusto-0\/deusto-quienes-somos\/profesores\/13650\/profesor\">Enrique Onieva<\/a><\/td>\r\n<\/tr>\r\n<tr>\r\n<td width=\"51\"><\/td>\r\n<td width=\"257\"><\/td>\r\n<td width=\"132\"><\/td>\r\n<\/tr>\r\n<tr>\r\n<td rowspan=\"2\" width=\"51\"><strong>Jueves<\/strong>\r\n<strong>3\/02<\/strong><\/td>\r\n<td width=\"257\"><strong>Aprendizaje Computacional I<\/strong>\r\n<strong>Aprendizaje no supervisado, m\u00e9todos bayesianos y modelos gr\u00e1ficos probabil\u00edsticos<\/strong><\/td>\r\n<td width=\"132\"><a href=\"https:\/\/ccia.ugr.es\/~acu\/\">Andr\u00e9s Cano<\/a>\r\n<a href=\"https:\/\/ccia.ugr.es\/~mgomez\/\">Manuel G\u00f3mez<\/a><\/td>\r\n<\/tr>\r\n<tr>\r\n<td width=\"257\"><strong>Aprendizaje Computacional II<\/strong>\r\n<strong>Aprendizaje supervisado, Redes Neuronales y Deep Learning<\/strong><\/td>\r\n<td width=\"132\"><a href=\"https:\/\/decsai.ugr.es\/informacion\/directorio-personal\/fernando-berzal-galiano\">Fernando Berzal<\/a><\/td>\r\n<\/tr>\r\n<tr>\r\n<td width=\"51\"><\/td>\r\n<td width=\"257\"><\/td>\r\n<td width=\"132\"><\/td>\r\n<\/tr>\r\n<tr>\r\n<td rowspan=\"2\" width=\"51\"><strong>Lunes<\/strong>\r\n<strong>7\/02<\/strong><\/td>\r\n<td width=\"257\"><strong>Rob\u00f3tica e I.A.<\/strong><\/td>\r\n<td width=\"132\"><a href=\"https:\/\/atc.ugr.es\/informacion\/directorio-personal\/eduardo-ros-vidal\">Eduardo Ros<\/a><\/td>\r\n<\/tr>\r\n<tr>\r\n<td width=\"257\"><strong>Sistemas inteligentes de acceso a la informaci\u00f3n y procesamiento del <\/strong><strong>lenguaje natural<\/strong><\/td>\r\n<td width=\"132\"><a href=\"https:\/\/ccia.ugr.es\/~jmfluna\/\">Juan M. Fern\u00e1ndez<\/a>\r\n<a href=\"https:\/\/decsai.ugr.es\/informacion\/directorio-personal\/juan-francisco-huete-guadix\">Juan Huete<\/a><\/td>\r\n<\/tr>\r\n<tr>\r\n<td width=\"51\"><\/td>\r\n<td width=\"257\"><\/td>\r\n<td width=\"132\"><\/td>\r\n<\/tr>\r\n<tr>\r\n<td rowspan=\"2\" width=\"51\"><strong>Jueves<\/strong>\r\n<strong>10\/02<\/strong><\/td>\r\n<td width=\"257\"><strong>Procesamiento de im\u00e1genes y video con I.A.<\/strong><\/td>\r\n<td width=\"132\"><a href=\"https:\/\/decsai.ugr.es\/informacion\/directorio-personal\/javier-mateos-delgado\">Javier Mateos<\/a>\r\n<a href=\"https:\/\/decsai.ugr.es\/informacion\/directorio-personal\/jesus-chamorro-martinez\">Jes\u00fas Chamorro<\/a><\/td>\r\n<\/tr>\r\n<tr>\r\n<td width=\"257\"><strong>M\u00e9todos de b\u00fasqueda y optimizaci\u00f3n<\/strong><\/td>\r\n<td width=\"132\"><a href=\"https:\/\/wpd.ugr.es\/~dpelta\/wordpress\/\">David Pelta<\/a><\/td>\r\n<\/tr>\r\n<tr>\r\n<td width=\"51\"><\/td>\r\n<td width=\"257\"><\/td>\r\n<td width=\"132\"><\/td>\r\n<\/tr>\r\n<tr>\r\n<td width=\"51\"><strong>Jueves<\/strong>\r\n<strong>17\/02<\/strong><\/td>\r\n<td colspan=\"2\" width=\"390\"><strong>Seminario y Mesa Redonda: La IA en Acci\u00f3n<\/strong><\/td>\r\n<\/tr>\r\n<\/tbody>\r\n<\/table>\r\n<div class=\"wp-block-group\"><\/div>\r\n[\/vc_column_text][\/vc_column][\/vc_row][vc_row][vc_column]<span id=\"creative-link-wrap-4475\" class=\"ult_main_cl ult-adjust-bottom-margin   vc_custom_1711988003789\" >\n\t \t\t\t<span class=\"ult_cl_link_11  ult_crlink\" >\n\t\t\t\t\t<a  data-ultimate-target='#creative-link-wrap-4475 .ult_colorlink'  data-responsive-json-new='{\"font-size\":\"\",\"line-height\":\"\"}'  href=\"javascript:void(0);\" title=\"Instrucciones para la realizaci\u00f3n del trabajo\"  class=\"ult_colorlink ult-responsive \" style=\"font-weight:bold; \"  data-textcolor=\"#f9f9f9\" data-texthover=\"#f7f7f7\"data-style=\"Style_11\">\n\t\t\t\t\t\t<span class=\"ult_link_top ult_btn11_link_top \" style=\"background:#dd6e6e;color:#f7f7f7;;padding-top: 5px !important;padding-right: 5px !important;padding-bottom: 5px !important;padding-left: 5px !important;\">Instrucciones para la realizaci\u00f3n del trabajo<\/span>\n\t\t\t\t\t\t<span data-hover=\"Instrucciones para la realizaci\u00f3n del trabajo\" style=\"color:#f9f9f9;;background:#ff0000;;padding-top: 5px !important;padding-right: 5px !important;padding-bottom: 5px !important;padding-left: 5px !important;\" class=\"ult_btn10_span   \">Instrucciones para la realizaci\u00f3n del trabajo<\/span>\n\t\t\t\t\t\t\n\t\t\t\t\t<\/a>\n\t\t\t\t<\/span>\n\t\t\t<\/span>[\/vc_column][\/vc_row]<!-- \/wp:post-content -->","protected":false},"excerpt":{"rendered":"<p>[vc_row][vc_column][\/vc_column][\/vc_row][vc_row][vc_column][vc_column_text css=\u00bb.vc_custom_1664113756761{padding-top: 30px !important;padding-right: 30px !important;padding-bottom: 30px !important;padding-left: 30px !important;}\u00bb] Programa de Actividades Sesi\u00f3n T\u00edtulo Ponente Lunes 31\/01 Introducci\u00f3n D. Pelta &#8211; C. Cruz Un recorrido hist\u00f3rico por la IA y sus hitos Jos\u00e9 L. Verdegay Representaci\u00f3n del conocimiento, razonamiento aproximado y l\u00f3gica Enrique Onieva Jueves 3\/02 Aprendizaje Computacional I Aprendizaje no supervisado, m\u00e9todos bayesianos&hellip;<\/p>\n","protected":false},"author":1,"featured_media":0,"parent":0,"menu_order":0,"comment_status":"closed","ping_status":"closed","template":"","meta":[],"class_list":["post-2873","page","type-page","status-publish","hentry","description-off"],"_links":{"self":[{"href":"https:\/\/modougr.es\/index.php\/wp-json\/wp\/v2\/pages\/2873","targetHints":{"allow":["GET"]}}],"collection":[{"href":"https:\/\/modougr.es\/index.php\/wp-json\/wp\/v2\/pages"}],"about":[{"href":"https:\/\/modougr.es\/index.php\/wp-json\/wp\/v2\/types\/page"}],"author":[{"embeddable":true,"href":"https:\/\/modougr.es\/index.php\/wp-json\/wp\/v2\/users\/1"}],"replies":[{"embeddable":true,"href":"https:\/\/modougr.es\/index.php\/wp-json\/wp\/v2\/comments?post=2873"}],"version-history":[{"count":29,"href":"https:\/\/modougr.es\/index.php\/wp-json\/wp\/v2\/pages\/2873\/revisions"}],"predecessor-version":[{"id":3219,"href":"https:\/\/modougr.es\/index.php\/wp-json\/wp\/v2\/pages\/2873\/revisions\/3219"}],"wp:attachment":[{"href":"https:\/\/modougr.es\/index.php\/wp-json\/wp\/v2\/media?parent=2873"}],"curies":[{"name":"wp","href":"https:\/\/api.w.org\/{rel}","templated":true}]}}